{"id":9960,"date":"2025-11-20T21:05:15","date_gmt":"2025-11-20T21:05:15","guid":{"rendered":"https:\/\/soccerstl.ca\/?page_id=9960"},"modified":"2026-03-19T14:47:35","modified_gmt":"2026-03-19T14:47:35","slug":"news","status":"publish","type":"page","link":"https:\/\/soccerstl.ca\/en\/news\/","title":{"rendered":"Highlights"},"content":{"rendered":"\t\t<div data-elementor-type=\"wp-page\" data-elementor-id=\"9960\" class=\"elementor elementor-9960\" data-elementor-post-type=\"page\">\n\t\t\t\t\t\t<section class=\"elementor-section elementor-top-section elementor-element elementor-element-56d6835 elementor-section-boxed elementor-section-height-default elementor-section-height-default\" data-id=\"56d6835\" data-element_type=\"section\">\n\t\t\t\t\t\t<div class=\"elementor-container elementor-column-gap-default\">\n\t\t\t\t\t<div class=\"elementor-column elementor-col-100 elementor-top-column elementor-element elementor-element-4165aa0\" data-id=\"4165aa0\" data-element_type=\"column\">\n\t\t\t<div class=\"elementor-widget-wrap elementor-element-populated\">\n\t\t\t\t\t\t<div class=\"elementor-element elementor-element-ac8e8ea elementor-widget elementor-widget-spacer\" data-id=\"ac8e8ea\" data-element_type=\"widget\" data-widget_type=\"spacer.default\">\n\t\t\t\t<div class=\"elementor-widget-container\">\n\t\t\t<style>\/*! elementor - v3.20.0 - 26-03-2024 *\/\n.elementor-column .elementor-spacer-inner{height:var(--spacer-size)}.e-con{--container-widget-width:100%}.e-con-inner>.elementor-widget-spacer,.e-con>.elementor-widget-spacer{width:var(--container-widget-width,var(--spacer-size));--align-self:var(--container-widget-align-self,initial);--flex-shrink:0}.e-con-inner>.elementor-widget-spacer>.elementor-widget-container,.e-con>.elementor-widget-spacer>.elementor-widget-container{height:100%;width:100%}.e-con-inner>.elementor-widget-spacer>.elementor-widget-container>.elementor-spacer,.e-con>.elementor-widget-spacer>.elementor-widget-container>.elementor-spacer{height:100%}.e-con-inner>.elementor-widget-spacer>.elementor-widget-container>.elementor-spacer>.elementor-spacer-inner,.e-con>.elementor-widget-spacer>.elementor-widget-container>.elementor-spacer>.elementor-spacer-inner{height:var(--container-widget-height,var(--spacer-size))}.e-con-inner>.elementor-widget-spacer.elementor-widget-empty,.e-con>.elementor-widget-spacer.elementor-widget-empty{position:relative;min-height:22px;min-width:22px}.e-con-inner>.elementor-widget-spacer.elementor-widget-empty .elementor-widget-empty-icon,.e-con>.elementor-widget-spacer.elementor-widget-empty .elementor-widget-empty-icon{position:absolute;top:0;bottom:0;left:0;right:0;margin:auto;padding:0;width:22px;height:22px}<\/style>\t\t<div class=\"elementor-spacer\">\n\t\t\t<div class=\"elementor-spacer-inner\"><\/div>\n\t\t<\/div>\n\t\t\t\t<\/div>\n\t\t\t\t<\/div>\n\t\t\t\t<div class=\"elementor-element elementor-element-dd64301 elementor-widget elementor-widget-heading\" data-id=\"dd64301\" data-element_type=\"widget\" data-widget_type=\"heading.default\">\n\t\t\t\t<div class=\"elementor-widget-container\">\n\t\t\t<style>\/*! elementor - v3.20.0 - 26-03-2024 *\/\n.elementor-heading-title{padding:0;margin:0;line-height:1}.elementor-widget-heading .elementor-heading-title[class*=elementor-size-]>a{color:inherit;font-size:inherit;line-height:inherit}.elementor-widget-heading .elementor-heading-title.elementor-size-small{font-size:15px}.elementor-widget-heading .elementor-heading-title.elementor-size-medium{font-size:19px}.elementor-widget-heading .elementor-heading-title.elementor-size-large{font-size:29px}.elementor-widget-heading .elementor-heading-title.elementor-size-xl{font-size:39px}.elementor-widget-heading .elementor-heading-title.elementor-size-xxl{font-size:59px}<\/style><h2 class=\"elementor-heading-title elementor-size-default\">FAITS SAILLANTS<\/h2>\t\t<\/div>\n\t\t\t\t<\/div>\n\t\t\t\t<div class=\"elementor-element elementor-element-1a66aaa elementor-widget elementor-widget-text-editor\" data-id=\"1a66aaa\" data-element_type=\"widget\" data-widget_type=\"text-editor.default\">\n\t\t\t\t<div class=\"elementor-widget-container\">\n\t\t\t<style>\/*! elementor - v3.20.0 - 26-03-2024 *\/\n.elementor-widget-text-editor.elementor-drop-cap-view-stacked .elementor-drop-cap{background-color:#69727d;color:#fff}.elementor-widget-text-editor.elementor-drop-cap-view-framed .elementor-drop-cap{color:#69727d;border:3px solid;background-color:transparent}.elementor-widget-text-editor:not(.elementor-drop-cap-view-default) .elementor-drop-cap{margin-top:8px}.elementor-widget-text-editor:not(.elementor-drop-cap-view-default) .elementor-drop-cap-letter{width:1em;height:1em}.elementor-widget-text-editor .elementor-drop-cap{float:left;text-align:center;line-height:1;font-size:50px}.elementor-widget-text-editor .elementor-drop-cap-letter{display:inline-block}<\/style>\t\t\t\t<p>Ici, retrouvez les exploits, les moments m\u00e9morables et les r\u00e9alisations qui continuent de marquer notre club et sa communaut\u00e9. Cliquez sur un titre pour lire l\u2019histoire compl\u00e8te.<\/p>\t\t\t\t\t\t<\/div>\n\t\t\t\t<\/div>\n\t\t\t\t<div class=\"elementor-element elementor-element-ad8e64b elementor-widget-divider--view-line elementor-widget elementor-widget-divider\" data-id=\"ad8e64b\" data-element_type=\"widget\" data-widget_type=\"divider.default\">\n\t\t\t\t<div class=\"elementor-widget-container\">\n\t\t\t<style>\/*! elementor - v3.20.0 - 26-03-2024 *\/\n.elementor-widget-divider{--divider-border-style:none;--divider-border-width:1px;--divider-color:#0c0d0e;--divider-icon-size:20px;--divider-element-spacing:10px;--divider-pattern-height:24px;--divider-pattern-size:20px;--divider-pattern-url:none;--divider-pattern-repeat:repeat-x}.elementor-widget-divider .elementor-divider{display:flex}.elementor-widget-divider .elementor-divider__text{font-size:15px;line-height:1;max-width:95%}.elementor-widget-divider .elementor-divider__element{margin:0 var(--divider-element-spacing);flex-shrink:0}.elementor-widget-divider .elementor-icon{font-size:var(--divider-icon-size)}.elementor-widget-divider .elementor-divider-separator{display:flex;margin:0;direction:ltr}.elementor-widget-divider--view-line_icon .elementor-divider-separator,.elementor-widget-divider--view-line_text .elementor-divider-separator{align-items:center}.elementor-widget-divider--view-line_icon .elementor-divider-separator:after,.elementor-widget-divider--view-line_icon .elementor-divider-separator:before,.elementor-widget-divider--view-line_text .elementor-divider-separator:after,.elementor-widget-divider--view-line_text .elementor-divider-separator:before{display:block;content:\"\";border-block-end:0;flex-grow:1;border-block-start:var(--divider-border-width) var(--divider-border-style) var(--divider-color)}.elementor-widget-divider--element-align-left .elementor-divider .elementor-divider-separator>.elementor-divider__svg:first-of-type{flex-grow:0;flex-shrink:100}.elementor-widget-divider--element-align-left .elementor-divider-separator:before{content:none}.elementor-widget-divider--element-align-left .elementor-divider__element{margin-left:0}.elementor-widget-divider--element-align-right .elementor-divider .elementor-divider-separator>.elementor-divider__svg:last-of-type{flex-grow:0;flex-shrink:100}.elementor-widget-divider--element-align-right .elementor-divider-separator:after{content:none}.elementor-widget-divider--element-align-right .elementor-divider__element{margin-right:0}.elementor-widget-divider--element-align-start .elementor-divider .elementor-divider-separator>.elementor-divider__svg:first-of-type{flex-grow:0;flex-shrink:100}.elementor-widget-divider--element-align-start .elementor-divider-separator:before{content:none}.elementor-widget-divider--element-align-start .elementor-divider__element{margin-inline-start:0}.elementor-widget-divider--element-align-end .elementor-divider .elementor-divider-separator>.elementor-divider__svg:last-of-type{flex-grow:0;flex-shrink:100}.elementor-widget-divider--element-align-end .elementor-divider-separator:after{content:none}.elementor-widget-divider--element-align-end .elementor-divider__element{margin-inline-end:0}.elementor-widget-divider:not(.elementor-widget-divider--view-line_text):not(.elementor-widget-divider--view-line_icon) .elementor-divider-separator{border-block-start:var(--divider-border-width) var(--divider-border-style) var(--divider-color)}.elementor-widget-divider--separator-type-pattern{--divider-border-style:none}.elementor-widget-divider--separator-type-pattern.elementor-widget-divider--view-line .elementor-divider-separator,.elementor-widget-divider--separator-type-pattern:not(.elementor-widget-divider--view-line) .elementor-divider-separator:after,.elementor-widget-divider--separator-type-pattern:not(.elementor-widget-divider--view-line) .elementor-divider-separator:before,.elementor-widget-divider--separator-type-pattern:not([class*=elementor-widget-divider--view]) .elementor-divider-separator{width:100%;min-height:var(--divider-pattern-height);-webkit-mask-size:var(--divider-pattern-size) 100%;mask-size:var(--divider-pattern-size) 100%;-webkit-mask-repeat:var(--divider-pattern-repeat);mask-repeat:var(--divider-pattern-repeat);background-color:var(--divider-color);-webkit-mask-image:var(--divider-pattern-url);mask-image:var(--divider-pattern-url)}.elementor-widget-divider--no-spacing{--divider-pattern-size:auto}.elementor-widget-divider--bg-round{--divider-pattern-repeat:round}.rtl .elementor-widget-divider .elementor-divider__text{direction:rtl}.e-con-inner>.elementor-widget-divider,.e-con>.elementor-widget-divider{width:var(--container-widget-width,100%);--flex-grow:var(--container-widget-flex-grow)}<\/style>\t\t<div class=\"elementor-divider\">\n\t\t\t<span class=\"elementor-divider-separator\">\n\t\t\t\t\t\t<\/span>\n\t\t<\/div>\n\t\t\t\t<\/div>\n\t\t\t\t<\/div>\n\t\t\t\t<div class=\"elementor-element elementor-element-ed506a3 elementor-grid-3 elementor-grid-tablet-2 elementor-grid-mobile-1 elementor-posts--thumbnail-top elementor-widget elementor-widget-posts\" data-id=\"ed506a3\" data-element_type=\"widget\" data-settings=\"{&quot;pagination_type&quot;:&quot;prev_next&quot;,&quot;classic_columns&quot;:&quot;3&quot;,&quot;classic_columns_tablet&quot;:&quot;2&quot;,&quot;classic_columns_mobile&quot;:&quot;1&quot;,&quot;classic_row_gap&quot;:{&quot;unit&quot;:&quot;px&quot;,&quot;size&quot;:35,&quot;sizes&quot;:[]},&quot;classic_row_gap_tablet&quot;:{&quot;unit&quot;:&quot;px&quot;,&quot;size&quot;:&quot;&quot;,&quot;sizes&quot;:[]},&quot;classic_row_gap_mobile&quot;:{&quot;unit&quot;:&quot;px&quot;,&quot;size&quot;:&quot;&quot;,&quot;sizes&quot;:[]}}\" data-widget_type=\"posts.classic\">\n\t\t\t\t<div class=\"elementor-widget-container\">\n\t\t\t<link rel=\"stylesheet\" href=\"https:\/\/soccerstl.ca\/wp-content\/plugins\/elementor-pro\/assets\/css\/widget-posts.min.css\">\t\t<div class=\"elementor-posts-container elementor-posts elementor-posts--skin-classic elementor-grid\">\n\t\t\t\t<article class=\"elementor-post elementor-grid-item post-12565 post type-post status-publish format-standard has-post-thumbnail hentry category-uncategorized\">\n\t\t\t\t<a class=\"elementor-post__thumbnail__link\" href=\"https:\/\/soccerstl.ca\/en\/comment-deux-talents-du-cs-st-laurent-ont-trace-leur-chemin-vers-la-division-i\/\" tabindex=\"-1\" >\n\t\t\t<div class=\"elementor-post__thumbnail\"><img fetchpriority=\"high\" decoding=\"async\" width=\"300\" height=\"225\" src=\"https:\/\/soccerstl.ca\/wp-content\/uploads\/2026\/03\/Screen-Shot-2026-03-13-at-2.23.20-PM-300x225.png\" class=\"attachment-medium size-medium wp-image-12767\" alt=\"\" srcset=\"https:\/\/soccerstl.ca\/wp-content\/uploads\/2026\/03\/Screen-Shot-2026-03-13-at-2.23.20-PM-300x225.png 300w, https:\/\/soccerstl.ca\/wp-content\/uploads\/2026\/03\/Screen-Shot-2026-03-13-at-2.23.20-PM-1024x768.png 1024w, https:\/\/soccerstl.ca\/wp-content\/uploads\/2026\/03\/Screen-Shot-2026-03-13-at-2.23.20-PM-768x576.png 768w, https:\/\/soccerstl.ca\/wp-content\/uploads\/2026\/03\/Screen-Shot-2026-03-13-at-2.23.20-PM-16x12.png 16w, https:\/\/soccerstl.ca\/wp-content\/uploads\/2026\/03\/Screen-Shot-2026-03-13-at-2.23.20-PM.png 1486w\" sizes=\"(max-width: 300px) 100vw, 300px\" \/><\/div>\n\t\t<\/a>\n\t\t\t\t<div class=\"elementor-post__text\">\n\t\t\t\t<h2 class=\"elementor-post__title\">\n\t\t\t<a href=\"https:\/\/soccerstl.ca\/en\/comment-deux-talents-du-cs-st-laurent-ont-trace-leur-chemin-vers-la-division-i\/\" >\n\t\t\t\tComment deux talents du CS St-Laurent ont trac\u00e9 leur chemin vers la Division I\t\t\t<\/a>\n\t\t<\/h2>\n\t\t\t\t<div class=\"elementor-post__meta-data\">\n\t\t\t\t\t<span class=\"elementor-post-author\">\n\t\t\tPaula Rossi\t\t<\/span>\n\t\t\t\t<\/div>\n\t\t\t\t<\/div>\n\t\t\t\t<\/article>\n\t\t\t\t<article class=\"elementor-post elementor-grid-item post-10770 post type-post status-publish format-standard has-post-thumbnail hentry category-uncategorized\">\n\t\t\t\t<a class=\"elementor-post__thumbnail__link\" href=\"https:\/\/soccerstl.ca\/en\/le-developpement-et-lavenir-du-soccer-canadien-selon-jesse-marsch\/\" tabindex=\"-1\" >\n\t\t\t<div class=\"elementor-post__thumbnail\"><img decoding=\"async\" width=\"300\" height=\"273\" src=\"https:\/\/soccerstl.ca\/wp-content\/uploads\/2025\/12\/Marsch-in-front-of-office-scaled-e1765405615992-300x273.jpg\" class=\"attachment-medium size-medium wp-image-10777\" alt=\"\" srcset=\"https:\/\/soccerstl.ca\/wp-content\/uploads\/2025\/12\/Marsch-in-front-of-office-scaled-e1765405615992-300x273.jpg 300w, https:\/\/soccerstl.ca\/wp-content\/uploads\/2025\/12\/Marsch-in-front-of-office-scaled-e1765405615992-600x547.jpg 600w, https:\/\/soccerstl.ca\/wp-content\/uploads\/2025\/12\/Marsch-in-front-of-office-scaled-e1765405615992-1024x933.jpg 1024w, https:\/\/soccerstl.ca\/wp-content\/uploads\/2025\/12\/Marsch-in-front-of-office-scaled-e1765405615992-768x700.jpg 768w, https:\/\/soccerstl.ca\/wp-content\/uploads\/2025\/12\/Marsch-in-front-of-office-scaled-e1765405615992-1536x1400.jpg 1536w, https:\/\/soccerstl.ca\/wp-content\/uploads\/2025\/12\/Marsch-in-front-of-office-scaled-e1765405615992-13x12.jpg 13w, https:\/\/soccerstl.ca\/wp-content\/uploads\/2025\/12\/Marsch-in-front-of-office-scaled-e1765405615992.jpg 1920w\" sizes=\"(max-width: 300px) 100vw, 300px\" \/><\/div>\n\t\t<\/a>\n\t\t\t\t<div class=\"elementor-post__text\">\n\t\t\t\t<h2 class=\"elementor-post__title\">\n\t\t\t<a href=\"https:\/\/soccerstl.ca\/en\/le-developpement-et-lavenir-du-soccer-canadien-selon-jesse-marsch\/\" >\n\t\t\t\tLe d\u00e9veloppement et l\u2019avenir du soccer canadien, selon Jesse Marsch\t\t\t<\/a>\n\t\t<\/h2>\n\t\t\t\t<div class=\"elementor-post__meta-data\">\n\t\t\t\t\t<span class=\"elementor-post-author\">\n\t\t\tPaula Rossi\t\t<\/span>\n\t\t\t\t<\/div>\n\t\t\t\t<\/div>\n\t\t\t\t<\/article>\n\t\t\t\t<article class=\"elementor-post elementor-grid-item post-9878 post type-post status-publish format-standard has-post-thumbnail hentry category-uncategorized\">\n\t\t\t\t<a class=\"elementor-post__thumbnail__link\" href=\"https:\/\/soccerstl.ca\/en\/une-nouvelle-ere-pour-le-soccer-feminin-au-cs-st-laurent\/\" tabindex=\"-1\" >\n\t\t\t<div class=\"elementor-post__thumbnail\"><img decoding=\"async\" width=\"300\" height=\"262\" src=\"https:\/\/soccerstl.ca\/wp-content\/uploads\/2025\/11\/DSC2493-scaled-e1763666575520-300x262.jpeg\" class=\"attachment-medium size-medium wp-image-9890\" alt=\"\" srcset=\"https:\/\/soccerstl.ca\/wp-content\/uploads\/2025\/11\/DSC2493-scaled-e1763666575520-300x262.jpeg 300w, https:\/\/soccerstl.ca\/wp-content\/uploads\/2025\/11\/DSC2493-scaled-e1763666575520-600x525.jpeg 600w, https:\/\/soccerstl.ca\/wp-content\/uploads\/2025\/11\/DSC2493-scaled-e1763666575520-1024x896.jpeg 1024w, https:\/\/soccerstl.ca\/wp-content\/uploads\/2025\/11\/DSC2493-scaled-e1763666575520-768x672.jpeg 768w, https:\/\/soccerstl.ca\/wp-content\/uploads\/2025\/11\/DSC2493-scaled-e1763666575520-1536x1343.jpeg 1536w, https:\/\/soccerstl.ca\/wp-content\/uploads\/2025\/11\/DSC2493-scaled-e1763666575520-14x12.jpeg 14w, https:\/\/soccerstl.ca\/wp-content\/uploads\/2025\/11\/DSC2493-scaled-e1763666575520.jpeg 1946w\" sizes=\"(max-width: 300px) 100vw, 300px\" \/><\/div>\n\t\t<\/a>\n\t\t\t\t<div class=\"elementor-post__text\">\n\t\t\t\t<h2 class=\"elementor-post__title\">\n\t\t\t<a href=\"https:\/\/soccerstl.ca\/en\/une-nouvelle-ere-pour-le-soccer-feminin-au-cs-st-laurent\/\" >\n\t\t\t\tUne nouvelle \u00e8re pour le soccer f\u00e9minin au CS St-Laurent\t\t\t<\/a>\n\t\t<\/h2>\n\t\t\t\t<div class=\"elementor-post__meta-data\">\n\t\t\t\t\t<span class=\"elementor-post-author\">\n\t\t\tPaula Rossi\t\t<\/span>\n\t\t\t\t<\/div>\n\t\t\t\t<\/div>\n\t\t\t\t<\/article>\n\t\t\t\t<article class=\"elementor-post elementor-grid-item post-9979 post type-post status-publish format-standard has-post-thumbnail hentry category-uncategorized\">\n\t\t\t\t<a class=\"elementor-post__thumbnail__link\" href=\"https:\/\/soccerstl.ca\/en\/une-annee-inoubliable-pour-le-cs-saint-laurent-du-terrain-local-a-la-copa-america\/\" tabindex=\"-1\" >\n\t\t\t<div class=\"elementor-post__thumbnail\"><img loading=\"lazy\" decoding=\"async\" width=\"300\" height=\"201\" src=\"https:\/\/soccerstl.ca\/wp-content\/uploads\/2024\/10\/Ismael-kone-website-300x201.jpg\" class=\"attachment-medium size-medium wp-image-5569\" alt=\"\" srcset=\"https:\/\/soccerstl.ca\/wp-content\/uploads\/2024\/10\/Ismael-kone-website-300x201.jpg 300w, https:\/\/soccerstl.ca\/wp-content\/uploads\/2024\/10\/Ismael-kone-website-18x12.jpg 18w, https:\/\/soccerstl.ca\/wp-content\/uploads\/2024\/10\/Ismael-kone-website.jpg 589w\" sizes=\"(max-width: 300px) 100vw, 300px\" \/><\/div>\n\t\t<\/a>\n\t\t\t\t<div class=\"elementor-post__text\">\n\t\t\t\t<h2 class=\"elementor-post__title\">\n\t\t\t<a href=\"https:\/\/soccerstl.ca\/en\/une-annee-inoubliable-pour-le-cs-saint-laurent-du-terrain-local-a-la-copa-america\/\" >\n\t\t\t\tUne ann\u00e9e inoubliable pour le CS Saint-Laurent: du terrain local \u00e0 la Copa America\t\t\t<\/a>\n\t\t<\/h2>\n\t\t\t\t<div class=\"elementor-post__meta-data\">\n\t\t\t\t\t<span class=\"elementor-post-author\">\n\t\t\tPaula Rossi\t\t<\/span>\n\t\t\t\t<\/div>\n\t\t\t\t<\/div>\n\t\t\t\t<\/article>\n\t\t\t\t<\/div>\n\t\t\n\t\t\t\t<\/div>\n\t\t\t\t<\/div>\n\t\t\t\t<div class=\"elementor-element elementor-element-243c167 elementor-widget elementor-widget-spacer\" data-id=\"243c167\" data-element_type=\"widget\" data-widget_type=\"spacer.default\">\n\t\t\t\t<div class=\"elementor-widget-container\">\n\t\t\t\t\t<div class=\"elementor-spacer\">\n\t\t\t<div class=\"elementor-spacer-inner\"><\/div>\n\t\t<\/div>\n\t\t\t\t<\/div>\n\t\t\t\t<\/div>\n\t\t\t\t\t<\/div>\n\t\t<\/div>\n\t\t\t\t\t<\/div>\n\t\t<\/section>\n\t\t\t\t<\/div>\n\t\t","protected":false},"excerpt":{"rendered":"<p>FAITS SAILLANTS Ici, retrouvez les exploits, les moments m\u00e9morables et les r\u00e9alisations qui continuent de marquer notre club et sa communaut\u00e9. Cliquez sur un titre<\/p>","protected":false},"author":7,"featured_media":0,"parent":0,"menu_order":0,"comment_status":"closed","ping_status":"closed","template":"","meta":{"footnotes":""},"class_list":["post-9960","page","type-page","status-publish","hentry"],"jetpack_sharing_enabled":true,"_links":{"self":[{"href":"https:\/\/soccerstl.ca\/en\/wp-json\/wp\/v2\/pages\/9960","targetHints":{"allow":["GET"]}}],"collection":[{"href":"https:\/\/soccerstl.ca\/en\/wp-json\/wp\/v2\/pages"}],"about":[{"href":"https:\/\/soccerstl.ca\/en\/wp-json\/wp\/v2\/types\/page"}],"author":[{"embeddable":true,"href":"https:\/\/soccerstl.ca\/en\/wp-json\/wp\/v2\/users\/7"}],"replies":[{"embeddable":true,"href":"https:\/\/soccerstl.ca\/en\/wp-json\/wp\/v2\/comments?post=9960"}],"version-history":[{"count":69,"href":"https:\/\/soccerstl.ca\/en\/wp-json\/wp\/v2\/pages\/9960\/revisions"}],"predecessor-version":[{"id":12930,"href":"https:\/\/soccerstl.ca\/en\/wp-json\/wp\/v2\/pages\/9960\/revisions\/12930"}],"wp:attachment":[{"href":"https:\/\/soccerstl.ca\/en\/wp-json\/wp\/v2\/media?parent=9960"}],"curies":[{"name":"wp","href":"https:\/\/api.w.org\/{rel}","templated":true}]}}