{"id":3853,"date":"2024-08-01T23:51:59","date_gmt":"2024-08-01T23:51:59","guid":{"rendered":"https:\/\/soccerstl.ca\/?page_id=3853"},"modified":"2025-06-11T23:53:33","modified_gmt":"2025-06-11T23:53:33","slug":"inscription-au-tournoi-stl","status":"publish","type":"page","link":"https:\/\/soccerstl.ca\/en\/inscription-au-tournoi-stl\/","title":{"rendered":"Paiement 2025 Tournoi M\u00e9morial Julia Cianci CS Saint-Laurent &#8211; Payment Julia Cianci Memorial Tournament CS Saint-Laurent"},"content":{"rendered":"<div data-elementor-type=\"wp-page\" data-elementor-id=\"3853\" class=\"elementor elementor-3853\" data-elementor-post-type=\"page\">\n\t\t\t\t\t\t<section class=\"elementor-section elementor-top-section elementor-element elementor-element-2b424eb0 elementor-section-boxed elementor-section-height-default elementor-section-height-default\" data-id=\"2b424eb0\" data-element_type=\"section\">\n\t\t\t\t\t\t<div class=\"elementor-container elementor-column-gap-default\">\n\t\t\t\t\t<div class=\"elementor-column elementor-col-100 elementor-top-column elementor-element elementor-element-2d26dd5b\" data-id=\"2d26dd5b\" data-element_type=\"column\">\n\t\t\t<div class=\"elementor-widget-wrap elementor-element-populated\">\n\t\t\t\t\t\t<div class=\"elementor-element elementor-element-2c46536 elementor-widget elementor-widget-text-editor\" data-id=\"2c46536\" data-element_type=\"widget\" data-widget_type=\"text-editor.default\">\n\t\t\t\t<div class=\"elementor-widget-container\">\n\t\t\t<style>\/*! elementor - v3.20.0 - 26-03-2024 *\/\n.elementor-widget-text-editor.elementor-drop-cap-view-stacked .elementor-drop-cap{background-color:#69727d;color:#fff}.elementor-widget-text-editor.elementor-drop-cap-view-framed .elementor-drop-cap{color:#69727d;border:3px solid;background-color:transparent}.elementor-widget-text-editor:not(.elementor-drop-cap-view-default) .elementor-drop-cap{margin-top:8px}.elementor-widget-text-editor:not(.elementor-drop-cap-view-default) .elementor-drop-cap-letter{width:1em;height:1em}.elementor-widget-text-editor .elementor-drop-cap{float:left;text-align:center;line-height:1;font-size:50px}.elementor-widget-text-editor .elementor-drop-cap-letter{display:inline-block}<\/style>\t\t\t\t<!-- wp:wpforms\/form-selector {\"clientId\":\"4815f8cc-d141-47fc-82de-d1eac7355816\",\"formId\":\"6748\",\"copyPasteJsonValue\":\"{\\u0022displayTitle\\u0022:false,\\u0022displayDesc\\u0022:false,\\u0022theme\\u0022:\\u0022default\\u0022,\\u0022themeName\\u0022:\\u0022\\u0022,\\u0022fieldSize\\u0022:\\u0022medium\\u0022,\\u0022backgroundImage\\u0022:\\u0022none\\u0022,\\u0022backgroundPosition\\u0022:\\u0022center center\\u0022,\\u0022backgroundRepeat\\u0022:\\u0022no-repeat\\u0022,\\u0022backgroundSizeMode\\u0022:\\u0022cover\\u0022,\\u0022backgroundSize\\u0022:\\u0022cover\\u0022,\\u0022backgroundWidth\\u0022:\\u0022100px\\u0022,\\u0022backgroundHeight\\u0022:\\u0022100px\\u0022,\\u0022backgroundUrl\\u0022:\\u0022url()\\u0022,\\u0022backgroundColor\\u0022:\\u0022rgba( 0, 0, 0, 0 )\\u0022,\\u0022fieldBorderRadius\\u0022:\\u00223px\\u0022,\\u0022fieldBorderStyle\\u0022:\\u0022solid\\u0022,\\u0022fieldBorderSize\\u0022:\\u00221px\\u0022,\\u0022fieldBackgroundColor\\u0022:\\u0022#ffffff\\u0022,\\u0022fieldBorderColor\\u0022:\\u0022rgba( 0, 0, 0, 0.25 )\\u0022,\\u0022fieldTextColor\\u0022:\\u0022rgba( 0, 0, 0, 0.7 )\\u0022,\\u0022fieldMenuColor\\u0022:\\u0022#ffffff\\u0022,\\u0022labelSize\\u0022:\\u0022medium\\u0022,\\u0022labelColor\\u0022:\\u0022rgba( 0, 0, 0, 0.85 )\\u0022,\\u0022labelSublabelColor\\u0022:\\u0022rgba( 0, 0, 0, 0.55 )\\u0022,\\u0022labelErrorColor\\u0022:\\u0022#d63637\\u0022,\\u0022buttonSize\\u0022:\\u0022medium\\u0022,\\u0022buttonBorderStyle\\u0022:\\u0022none\\u0022,\\u0022buttonBorderSize\\u0022:\\u00221px\\u0022,\\u0022buttonBorderRadius\\u0022:\\u00223px\\u0022,\\u0022buttonBackgroundColor\\u0022:\\u0022#066aab\\u0022,\\u0022buttonTextColor\\u0022:\\u0022#ffffff\\u0022,\\u0022buttonBorderColor\\u0022:\\u0022#066aab\\u0022,\\u0022pageBreakColor\\u0022:\\u0022#066aab\\u0022,\\u0022containerPadding\\u0022:\\u00220px\\u0022,\\u0022containerBorderStyle\\u0022:\\u0022none\\u0022,\\u0022containerBorderWidth\\u0022:\\u00221px\\u0022,\\u0022containerBorderColor\\u0022:\\u0022#000000\\u0022,\\u0022containerBorderRadius\\u0022:\\u00223px\\u0022,\\u0022containerShadowSize\\u0022:\\u0022none\\u0022,\\u0022customCss\\u0022:\\u0022\\u0022,\\u0022pageTitle\\u0022:\\u0022Inscription 2025 Tournoi M\u00e9morial Julia Cianci CS Saint-Laurent - Registration Julia Cianci Memorial Tournament CS Saint-Laurent\\u0022}\",\"pageTitle\":\"Inscription 2025 Tournoi M\u00e9morial Julia Cianci CS Saint-Laurent - Registration Julia Cianci Memorial Tournament CS Saint-Laurent\"} \/-->\t\t\t\t\t\t<\/div>\n\t\t\t\t<\/div>\n\t\t\t\t\t<\/div>\n\t\t<\/div>\n\t\t\t\t\t<\/div>\n\t\t<\/section>\n\t\t\t\t<section class=\"elementor-section elementor-top-section elementor-element elementor-element-a91364c elementor-section-boxed elementor-section-height-default elementor-section-height-default\" data-id=\"a91364c\" data-element_type=\"section\">\n\t\t\t\t\t\t<div class=\"elementor-container elementor-column-gap-default\">\n\t\t\t\t\t<div class=\"elementor-column elementor-col-100 elementor-top-column elementor-element elementor-element-118076c\" data-id=\"118076c\" data-element_type=\"column\">\n\t\t\t<div class=\"elementor-widget-wrap elementor-element-populated\">\n\t\t\t\t\t\t\t<\/div>\n\t\t<\/div>\n\t\t\t\t\t<\/div>\n\t\t<\/section>\n\t\t\t\t<\/div>","protected":false},"excerpt":{"rendered":"<p>Please enable JavaScript in your browser to complete this form.Please enable JavaScript in your browser to complete this form.Nom du g\u00e9rant &#8211; Managers Name *Pr\u00e9nom et nom de famille &#8211; First &#038; Family NameT\u00e9l\u00e9phone &#8211; Telephone * Adresse courriel &#8211; Email Address * EmailConfirm Email Nom de l&#039;\u00e9quipe &#8211; Team Name *Ajouter la cat\u00e9gorie, la [&hellip;]<\/p>\n","protected":false},"author":3,"featured_media":0,"parent":0,"menu_order":0,"comment_status":"closed","ping_status":"closed","template":"","meta":{"footnotes":""},"class_list":["post-3853","page","type-page","status-publish","hentry"],"jetpack_sharing_enabled":true,"_links":{"self":[{"href":"https:\/\/soccerstl.ca\/en\/wp-json\/wp\/v2\/pages\/3853","targetHints":{"allow":["GET"]}}],"collection":[{"href":"https:\/\/soccerstl.ca\/en\/wp-json\/wp\/v2\/pages"}],"about":[{"href":"https:\/\/soccerstl.ca\/en\/wp-json\/wp\/v2\/types\/page"}],"author":[{"embeddable":true,"href":"https:\/\/soccerstl.ca\/en\/wp-json\/wp\/v2\/users\/3"}],"replies":[{"embeddable":true,"href":"https:\/\/soccerstl.ca\/en\/wp-json\/wp\/v2\/comments?post=3853"}],"version-history":[{"count":9,"href":"https:\/\/soccerstl.ca\/en\/wp-json\/wp\/v2\/pages\/3853\/revisions"}],"predecessor-version":[{"id":12370,"href":"https:\/\/soccerstl.ca\/en\/wp-json\/wp\/v2\/pages\/3853\/revisions\/12370"}],"wp:attachment":[{"href":"https:\/\/soccerstl.ca\/en\/wp-json\/wp\/v2\/media?parent=3853"}],"curies":[{"name":"wp","href":"https:\/\/api.w.org\/{rel}","templated":true}]}}