{"id":315,"date":"2023-12-13T07:28:15","date_gmt":"2023-12-13T07:28:15","guid":{"rendered":"https:\/\/soccerstl.ca\/?page_id=315"},"modified":"2025-11-19T19:32:23","modified_gmt":"2025-11-19T19:32:23","slug":"national-license","status":"publish","type":"page","link":"https:\/\/soccerstl.ca\/en\/national-license\/","title":{"rendered":"National License"},"content":{"rendered":"\t\t<div data-elementor-type=\"wp-page\" data-elementor-id=\"315\" class=\"elementor elementor-315\" data-elementor-post-type=\"page\">\n\t\t\t\t\t\t<section class=\"elementor-section elementor-top-section elementor-element elementor-element-55b2382 elementor-section-height-min-height elementor-section-boxed elementor-section-height-default elementor-section-items-middle\" data-id=\"55b2382\" data-element_type=\"section\" data-settings=\"{&quot;background_background&quot;:&quot;classic&quot;}\">\n\t\t\t\t\t\t\t<div class=\"elementor-background-overlay\"><\/div>\n\t\t\t\t\t\t\t<div class=\"elementor-container elementor-column-gap-default\">\n\t\t\t\t\t<div class=\"elementor-column elementor-col-100 elementor-top-column elementor-element elementor-element-a7458ca\" data-id=\"a7458ca\" data-element_type=\"column\">\n\t\t\t<div class=\"elementor-widget-wrap elementor-element-populated\">\n\t\t\t\t\t\t<div class=\"elementor-element elementor-element-a3ee3e4 elementor-widget__width-initial elementor-widget elementor-widget-image\" data-id=\"a3ee3e4\" data-element_type=\"widget\" data-widget_type=\"image.default\">\n\t\t\t\t<div class=\"elementor-widget-container\">\n\t\t\t<style>\/*! elementor - v3.20.0 - 26-03-2024 *\/\n.elementor-widget-image{text-align:center}.elementor-widget-image a{display:inline-block}.elementor-widget-image a img[src$=\".svg\"]{width:48px}.elementor-widget-image img{vertical-align:middle;display:inline-block}<\/style>\t\t\t\t\t\t\t\t\t\t<img fetchpriority=\"high\" decoding=\"async\" width=\"800\" height=\"800\" src=\"https:\/\/soccerstl.ca\/wp-content\/uploads\/2024\/03\/license-national-1.png\" class=\"attachment-large size-large wp-image-2495\" alt=\"\" srcset=\"https:\/\/soccerstl.ca\/wp-content\/uploads\/2024\/03\/license-national-1.png 1000w, https:\/\/soccerstl.ca\/wp-content\/uploads\/2024\/03\/license-national-1-300x300.png 300w, https:\/\/soccerstl.ca\/wp-content\/uploads\/2024\/03\/license-national-1-100x100.png 100w, https:\/\/soccerstl.ca\/wp-content\/uploads\/2024\/03\/license-national-1-600x600.png 600w, https:\/\/soccerstl.ca\/wp-content\/uploads\/2024\/03\/license-national-1-150x150.png 150w, https:\/\/soccerstl.ca\/wp-content\/uploads\/2024\/03\/license-national-1-768x768.png 768w, https:\/\/soccerstl.ca\/wp-content\/uploads\/2024\/03\/license-national-1-12x12.png 12w\" sizes=\"(max-width: 800px) 100vw, 800px\" \/>\t\t\t\t\t\t\t\t\t\t\t\t\t<\/div>\n\t\t\t\t<\/div>\n\t\t\t\t\t<\/div>\n\t\t<\/div>\n\t\t\t\t\t<\/div>\n\t\t<\/section>\n\t\t\t\t<section class=\"elementor-section elementor-top-section elementor-element elementor-element-3c3b81b elementor-section-boxed elementor-section-height-default elementor-section-height-default\" data-id=\"3c3b81b\" data-element_type=\"section\">\n\t\t\t\t\t\t<div class=\"elementor-container elementor-column-gap-default\">\n\t\t\t\t\t<div class=\"elementor-column elementor-col-100 elementor-top-column elementor-element elementor-element-ab31ad0\" data-id=\"ab31ad0\" data-element_type=\"column\">\n\t\t\t<div class=\"elementor-widget-wrap elementor-element-populated\">\n\t\t\t\t\t\t<div class=\"elementor-element elementor-element-4a75267 elementor-widget elementor-widget-text-editor\" data-id=\"4a75267\" data-element_type=\"widget\" data-widget_type=\"text-editor.default\">\n\t\t\t\t<div class=\"elementor-widget-container\">\n\t\t\t<style>\/*! elementor - v3.20.0 - 26-03-2024 *\/\n.elementor-widget-text-editor.elementor-drop-cap-view-stacked .elementor-drop-cap{background-color:#69727d;color:#fff}.elementor-widget-text-editor.elementor-drop-cap-view-framed .elementor-drop-cap{color:#69727d;border:3px solid;background-color:transparent}.elementor-widget-text-editor:not(.elementor-drop-cap-view-default) .elementor-drop-cap{margin-top:8px}.elementor-widget-text-editor:not(.elementor-drop-cap-view-default) .elementor-drop-cap-letter{width:1em;height:1em}.elementor-widget-text-editor .elementor-drop-cap{float:left;text-align:center;line-height:1;font-size:50px}.elementor-widget-text-editor .elementor-drop-cap-letter{display:inline-block}<\/style>\t\t\t\t<p>Licence Nationale de Club JUV\u00c9NILE<\/p>\t\t\t\t\t\t<\/div>\n\t\t\t\t<\/div>\n\t\t\t\t<div class=\"elementor-element elementor-element-9ec5125 elementor-widget elementor-widget-text-editor\" data-id=\"9ec5125\" data-element_type=\"widget\" data-widget_type=\"text-editor.default\">\n\t\t\t\t<div class=\"elementor-widget-container\">\n\t\t\t\t\t\t\t<p>Le CS Saint-Laurent est fier d&rsquo;avoir obtenu la Licence nationale de club de jeunes de Soccer Canada, qui reconna\u00eet les organisations les plus performantes au Canada en leur accordant la reconnaissance de club de soccer juv\u00e9nile approuv\u00e9 par Soccer Canada. Les organisations atteignant cette reconnaissance poss\u00e8dent des caract\u00e9ristiques et un savoir-faire rencontrant les plus hautes normes de gouvernance, d\u2019administration, d\u2019infrastructures et d\u2019encadrement technique, soutiennent leur OPTS et participent au plus haut niveau de comp\u00e9tition au Canada; le Programme de d\u00e9veloppement de joueur de Canada Soccer.<\/p>\t\t\t\t\t\t<\/div>\n\t\t\t\t<\/div>\n\t\t\t\t<div class=\"elementor-element elementor-element-dd7c668 elementor-align-center elementor-widget elementor-widget-button\" data-id=\"dd7c668\" data-element_type=\"widget\" data-widget_type=\"button.default\">\n\t\t\t\t<div class=\"elementor-widget-container\">\n\t\t\t\t\t<div class=\"elementor-button-wrapper\">\n\t\t\t<a class=\"elementor-button elementor-button-link elementor-size-sm\" href=\"https:\/\/canadasoccer.com\/play-landing\/club-licensing-program\/national-youth-club-licence-holders\/national-youth-club-licence-overview\/\">\n\t\t\t\t\t\t<span class=\"elementor-button-content-wrapper\">\n\t\t\t\t\t\t<span class=\"elementor-button-text\">EN SAVOIR PLUS<\/span>\n\t\t<\/span>\n\t\t\t\t\t<\/a>\n\t\t<\/div>\n\t\t\t\t<\/div>\n\t\t\t\t<\/div>\n\t\t\t\t\t<\/div>\n\t\t<\/div>\n\t\t\t\t\t<\/div>\n\t\t<\/section>\n\t\t\t\t<\/div>\n\t\t","protected":false},"excerpt":{"rendered":"<p>Licence Nationale de Club JUV\u00c9NILE Le CS Saint-Laurent est fier d&rsquo;avoir obtenu la Licence nationale de club de jeunes de Soccer Canada, qui reconna\u00eet les organisations les plus performantes au Canada en leur accordant la reconnaissance de club de soccer juv\u00e9nile approuv\u00e9 par Soccer Canada. Les organisations atteignant cette reconnaissance poss\u00e8dent des caract\u00e9ristiques et un [&hellip;]<\/p>\n","protected":false},"author":2,"featured_media":0,"parent":0,"menu_order":0,"comment_status":"closed","ping_status":"closed","template":"","meta":{"footnotes":""},"class_list":["post-315","page","type-page","status-publish","hentry"],"jetpack_sharing_enabled":true,"_links":{"self":[{"href":"https:\/\/soccerstl.ca\/en\/wp-json\/wp\/v2\/pages\/315","targetHints":{"allow":["GET"]}}],"collection":[{"href":"https:\/\/soccerstl.ca\/en\/wp-json\/wp\/v2\/pages"}],"about":[{"href":"https:\/\/soccerstl.ca\/en\/wp-json\/wp\/v2\/types\/page"}],"author":[{"embeddable":true,"href":"https:\/\/soccerstl.ca\/en\/wp-json\/wp\/v2\/users\/2"}],"replies":[{"embeddable":true,"href":"https:\/\/soccerstl.ca\/en\/wp-json\/wp\/v2\/comments?post=315"}],"version-history":[{"count":150,"href":"https:\/\/soccerstl.ca\/en\/wp-json\/wp\/v2\/pages\/315\/revisions"}],"predecessor-version":[{"id":9828,"href":"https:\/\/soccerstl.ca\/en\/wp-json\/wp\/v2\/pages\/315\/revisions\/9828"}],"wp:attachment":[{"href":"https:\/\/soccerstl.ca\/en\/wp-json\/wp\/v2\/media?parent=315"}],"curies":[{"name":"wp","href":"https:\/\/api.w.org\/{rel}","templated":true}]}}