{"id":2025,"date":"2024-03-06T16:15:41","date_gmt":"2024-03-06T16:15:41","guid":{"rendered":"https:\/\/soccerstl.ca\/?page_id=2025"},"modified":"2025-11-12T20:57:39","modified_gmt":"2025-11-12T20:57:39","slug":"financial-aid","status":"publish","type":"page","link":"https:\/\/soccerstl.ca\/en\/financial-aid\/","title":{"rendered":"FINANCIAL AID"},"content":{"rendered":"\t\t<div data-elementor-type=\"wp-page\" data-elementor-id=\"2025\" class=\"elementor elementor-2025\" data-elementor-post-type=\"page\">\n\t\t\t\t\t\t<section class=\"elementor-section elementor-top-section elementor-element elementor-element-5d01c38 elementor-section-boxed elementor-section-height-default elementor-section-height-default\" data-id=\"5d01c38\" data-element_type=\"section\">\n\t\t\t\t\t\t<div class=\"elementor-container elementor-column-gap-default\">\n\t\t\t\t\t<div class=\"elementor-column elementor-col-100 elementor-top-column elementor-element elementor-element-54747ec\" data-id=\"54747ec\" data-element_type=\"column\">\n\t\t\t<div class=\"elementor-widget-wrap elementor-element-populated\">\n\t\t\t\t\t\t<div class=\"elementor-element elementor-element-953d705 elementor-widget elementor-widget-heading\" data-id=\"953d705\" data-element_type=\"widget\" data-widget_type=\"heading.default\">\n\t\t\t\t<div class=\"elementor-widget-container\">\n\t\t\t<style>\/*! elementor - v3.20.0 - 26-03-2024 *\/\n.elementor-heading-title{padding:0;margin:0;line-height:1}.elementor-widget-heading .elementor-heading-title[class*=elementor-size-]>a{color:inherit;font-size:inherit;line-height:inherit}.elementor-widget-heading .elementor-heading-title.elementor-size-small{font-size:15px}.elementor-widget-heading .elementor-heading-title.elementor-size-medium{font-size:19px}.elementor-widget-heading .elementor-heading-title.elementor-size-large{font-size:29px}.elementor-widget-heading .elementor-heading-title.elementor-size-xl{font-size:39px}.elementor-widget-heading .elementor-heading-title.elementor-size-xxl{font-size:59px}<\/style><h2 class=\"elementor-heading-title elementor-size-default\">AIDE FINANCI\u00c8RE<\/h2>\t\t<\/div>\n\t\t\t\t<\/div>\n\t\t\t\t<div class=\"elementor-element elementor-element-ac9c064 elementor-widget elementor-widget-heading\" data-id=\"ac9c064\" data-element_type=\"widget\" data-widget_type=\"heading.default\">\n\t\t\t\t<div class=\"elementor-widget-container\">\n\t\t\t<h2 class=\"elementor-heading-title elementor-size-default\">Programme d'allocation CS Saint-Laurent<\/h2>\t\t<\/div>\n\t\t\t\t<\/div>\n\t\t\t\t<div class=\"elementor-element elementor-element-c2c353b elementor-widget elementor-widget-text-editor\" data-id=\"c2c353b\" data-element_type=\"widget\" data-widget_type=\"text-editor.default\">\n\t\t\t\t<div class=\"elementor-widget-container\">\n\t\t\t<style>\/*! elementor - v3.20.0 - 26-03-2024 *\/\n.elementor-widget-text-editor.elementor-drop-cap-view-stacked .elementor-drop-cap{background-color:#69727d;color:#fff}.elementor-widget-text-editor.elementor-drop-cap-view-framed .elementor-drop-cap{color:#69727d;border:3px solid;background-color:transparent}.elementor-widget-text-editor:not(.elementor-drop-cap-view-default) .elementor-drop-cap{margin-top:8px}.elementor-widget-text-editor:not(.elementor-drop-cap-view-default) .elementor-drop-cap-letter{width:1em;height:1em}.elementor-widget-text-editor .elementor-drop-cap{float:left;text-align:center;line-height:1;font-size:50px}.elementor-widget-text-editor .elementor-drop-cap-letter{display:inline-block}<\/style>\t\t\t\t<p data-start=\"131\" data-end=\"300\">Le <span data-start=\"134\" data-end=\"154\">CS Saint-Laurent<\/span> offre un programme d\u2019aide visant \u00e0 <span data-start=\"190\" data-end=\"239\">r\u00e9duire ou \u00e0 \u00e9liminer les frais d\u2019inscription<\/span> pour les membres confront\u00e9s \u00e0 des difficult\u00e9s financi\u00e8res. Pour \u00eatre admissible, le membre doit \u00eatre <span data-start=\"344\" data-end=\"376\">recommand\u00e9 par un entra\u00eeneur<\/span> ou par <span data-start=\"384\" data-end=\"412\">l\u2019administration du club<\/span>. Un <span data-start=\"417\" data-end=\"442\">formulaire de demande<\/span> doit ensuite \u00eatre rempli, puis soumis au <span data-start=\"484\" data-end=\"512\">conseil d\u2019administration<\/span> pour r\u00e9vision et approbation. Le club fixe un <span data-start=\"562\" data-end=\"592\">nombre limit\u00e9 d\u2019exemptions<\/span> par \u00e9quipe, selon le <span data-start=\"614\" data-end=\"639\">niveau de comp\u00e9tition<\/span>. Chaque approbation est <span data-start=\"666\" data-end=\"691\">valide pour une ann\u00e9e<\/span>, couvrant les <span data-start=\"706\" data-end=\"734\">saisons d\u2019\u00e9t\u00e9 et d\u2019hiver<\/span>.<\/p><p data-start=\"739\" data-end=\"1155\">La <span data-start=\"742\" data-end=\"768\">Ville de Saint-Laurent<\/span> propose \u00e9galement le programme <span data-start=\"800\" data-end=\"825\">\u00ab Aide \u00e0 la famille \u00bb<\/span> pour ses r\u00e9sidents. Sur pr\u00e9sentation des documents justificatifs exig\u00e9s, la Ville \u00e9met un <span data-start=\"918\" data-end=\"949\">certificat de faible revenu<\/span>. En pr\u00e9sentant ce document lors de l\u2019inscription, les <span data-start=\"1006\" data-end=\"1036\">frais sont r\u00e9duits de 25 %<\/span>. Ce certificat doit \u00eatre fourni <span data-start=\"1069\" data-end=\"1093\">\u00e0 chaque inscription<\/span>, tant pour la saison estivale que pour la saison hivernale.<\/p><p data-start=\"1157\" data-end=\"1268\">Pour toute information suppl\u00e9mentaire, veuillez <span data-start=\"1205\" data-end=\"1234\">visiter le bureau du club<\/span> pendant les heures d&rsquo;ouverture.\u00a0<\/p>\t\t\t\t\t\t<\/div>\n\t\t\t\t<\/div>\n\t\t\t\t\t<\/div>\n\t\t<\/div>\n\t\t\t\t\t<\/div>\n\t\t<\/section>\n\t\t\t\t<\/div>\n\t\t","protected":false},"excerpt":{"rendered":"<p>AIDE FINANCI\u00c8RE Programme d&rsquo;allocation CS Saint-Laurent Le CS Saint-Laurent offre un programme d\u2019aide visant \u00e0 r\u00e9duire ou \u00e0 \u00e9liminer les frais d\u2019inscription pour les membres confront\u00e9s \u00e0 des difficult\u00e9s financi\u00e8res. Pour \u00eatre admissible, le membre doit \u00eatre recommand\u00e9 par un entra\u00eeneur ou par l\u2019administration du club. Un formulaire de demande doit ensuite \u00eatre rempli, puis [&hellip;]<\/p>\n","protected":false},"author":2,"featured_media":0,"parent":0,"menu_order":0,"comment_status":"closed","ping_status":"closed","template":"","meta":{"footnotes":""},"class_list":["post-2025","page","type-page","status-publish","hentry"],"jetpack_sharing_enabled":true,"_links":{"self":[{"href":"https:\/\/soccerstl.ca\/en\/wp-json\/wp\/v2\/pages\/2025","targetHints":{"allow":["GET"]}}],"collection":[{"href":"https:\/\/soccerstl.ca\/en\/wp-json\/wp\/v2\/pages"}],"about":[{"href":"https:\/\/soccerstl.ca\/en\/wp-json\/wp\/v2\/types\/page"}],"author":[{"embeddable":true,"href":"https:\/\/soccerstl.ca\/en\/wp-json\/wp\/v2\/users\/2"}],"replies":[{"embeddable":true,"href":"https:\/\/soccerstl.ca\/en\/wp-json\/wp\/v2\/comments?post=2025"}],"version-history":[{"count":43,"href":"https:\/\/soccerstl.ca\/en\/wp-json\/wp\/v2\/pages\/2025\/revisions"}],"predecessor-version":[{"id":8922,"href":"https:\/\/soccerstl.ca\/en\/wp-json\/wp\/v2\/pages\/2025\/revisions\/8922"}],"wp:attachment":[{"href":"https:\/\/soccerstl.ca\/en\/wp-json\/wp\/v2\/media?parent=2025"}],"curies":[{"name":"wp","href":"https:\/\/api.w.org\/{rel}","templated":true}]}}