{"id":13002,"date":"2026-04-08T02:33:04","date_gmt":"2026-04-08T02:33:04","guid":{"rendered":"https:\/\/soccerstl.ca\/?page_id=13002"},"modified":"2026-04-08T02:33:04","modified_gmt":"2026-04-08T02:33:04","slug":"formulaire-de-paiement-formation-du-personnel-cdc-2-workforce-training-payment-form","status":"publish","type":"page","link":"https:\/\/soccerstl.ca\/en\/formulaire-de-paiement-formation-du-personnel-cdc-2-workforce-training-payment-form\/","title":{"rendered":"Formulaire de paiement \u2013 Formation du personnel &#8211; CDC 2 &#8211; Workforce Training &#8211; Payment Form"},"content":{"rendered":"<style id=\"wpforms-css-vars-12992-block-9581cd99-8209-4036-9449-b61566c2f402\">\n\t\t\t\t#wpforms-12992.wpforms-block-9581cd99-8209-4036-9449-b61566c2f402 {\n\t\t\t\t--wpforms-field-size-input-height: 43px;\n--wpforms-field-size-input-spacing: 15px;\n--wpforms-field-size-font-size: 16px;\n--wpforms-field-size-line-height: 19px;\n--wpforms-field-size-padding-h: 14px;\n--wpforms-field-size-checkbox-size: 16px;\n--wpforms-field-size-sublabel-spacing: 5px;\n--wpforms-field-size-icon-size: 1;\n--wpforms-label-size-font-size: 16px;\n--wpforms-label-size-line-height: 19px;\n--wpforms-label-size-sublabel-font-size: 14px;\n--wpforms-label-size-sublabel-line-height: 17px;\n--wpforms-button-size-font-size: 17px;\n--wpforms-button-size-height: 41px;\n--wpforms-button-size-padding-h: 15px;\n--wpforms-button-size-margin-top: 10px;\n--wpforms-container-shadow-size-box-shadow: none;\n\t\t\t}\n\t\t\t<\/style><div class=\"wpforms-container wpforms-container-full wpforms-stripe wpforms-block wpforms-block-9581cd99-8209-4036-9449-b61566c2f402 wpforms-render-modern\" id=\"wpforms-12992\"><form id=\"wpforms-form-12992\" class=\"wpforms-validate wpforms-form wpforms-ajax-form\" data-formid=\"12992\" method=\"post\" enctype=\"multipart\/form-data\" action=\"\/en\/wp-json\/wp\/v2\/pages\/13002\" data-token=\"f15c44e3a2cf9706b282be77cb721193\" data-token-time=\"1777723970\"><noscript class=\"wpforms-error-noscript\">Please enable JavaScript in your browser to complete this form.<\/noscript><div id=\"wpforms-error-noscript\" style=\"display: none;\">Please enable JavaScript in your browser to complete this form.<\/div><div class=\"wpforms-field-container\"><div id=\"wpforms-12992-field_1-container\" class=\"wpforms-field wpforms-field-name\" data-field-id=\"1\"><label class=\"wpforms-field-label\" for=\"wpforms-12992-field_1\">Non &#8211; Name <span class=\"wpforms-required-label\" aria-hidden=\"true\">*<\/span><\/label><input type=\"text\" id=\"wpforms-12992-field_1\" class=\"wpforms-field-medium wpforms-field-required\" name=\"wpforms[fields][1]\" aria-errormessage=\"wpforms-12992-field_1-error\" aria-describedby=\"wpforms-12992-field_1-description\" required><div id=\"wpforms-12992-field_1-description\" class=\"wpforms-field-description\">Nom et pr\u00e9nom du joueur &#8211; Family and first name of the player<\/div><\/div><div id=\"wpforms-12992-field_2-container\" class=\"wpforms-field wpforms-field-email\" data-field-id=\"2\"><label class=\"wpforms-field-label\" for=\"wpforms-12992-field_2\">Adresse courriel &#8211; Email address <span class=\"wpforms-required-label\" aria-hidden=\"true\">*<\/span><\/label><input type=\"email\" id=\"wpforms-12992-field_2\" class=\"wpforms-field-medium wpforms-field-required\" name=\"wpforms[fields][2]\" spellcheck=\"false\" aria-errormessage=\"wpforms-12992-field_2-error\" required><\/div><div id=\"wpforms-12992-field_3-container\" class=\"wpforms-field wpforms-field-phone\" data-field-id=\"3\"><label class=\"wpforms-field-label\" for=\"wpforms-12992-field_3\">Num\u00e9ro de t\u00e9l\u00e9phone &#8211; Telephone number <span class=\"wpforms-required-label\" aria-hidden=\"true\">*<\/span><\/label><input type=\"tel\" id=\"wpforms-12992-field_3\" class=\"wpforms-field-medium wpforms-field-required wpforms-smart-phone-field\" data-rule-smart-phone-field=\"true\" name=\"wpforms[fields][3]\" aria-label=\"Num\u00e9ro de t\u00e9l\u00e9phone - Telephone number\" aria-errormessage=\"wpforms-12992-field_3-error\" required><\/div><div id=\"wpforms-12992-field_5-container\" class=\"wpforms-field wpforms-field-payment-multiple\" data-field-id=\"5\"><fieldset><legend class=\"wpforms-field-label\">Frais d\u2019inscription &#8211; Registration Fees <span class=\"wpforms-required-label\" aria-hidden=\"true\">*<\/span><\/legend><ul id=\"wpforms-12992-field_5\" class=\"wpforms-field-required\"><li class=\"choice-1\"><input type=\"radio\" id=\"wpforms-12992-field_5_1\" class=\"wpforms-payment-price\" data-amount=\"30.00\" name=\"wpforms[fields][5]\" value=\"1\" aria-errormessage=\"wpforms-12992-field_5_1-error\" aria-describedby=\"wpforms-12992-field_5-description\" required ><label class=\"wpforms-field-label-inline\" for=\"wpforms-12992-field_5_1\">Formation du personnel &#8211; CDC 2 &#8211; Workforce Training &#8211; <span class=\"wpforms-currency-symbol\">&#036;30.00<\/span><\/label><\/li><\/ul><div id=\"wpforms-12992-field_5-description\" class=\"wpforms-field-description\">Inclus :\n\u2022 Une s\u00e9ance de formation en classe\n\u2022 Certification Soccer Canada S1 (formation en classe et sur le terrain)\n\u2022 Deux s\u00e9ances pratiques sur le terrain\n\u2022 Un t-shirt pour le personnel et un sifflet. \/\n\nIncludes:\n\u2022 One in-class training session\n\u2022 Soccer Canada S1 Certification (in-class and on-field training)\n\u2022 Two on-field practice sessions\n\u2022 One staff shirt and whistle<\/div><\/fieldset><\/div><div id=\"wpforms-12992-field_6-container\" class=\"wpforms-field wpforms-field-payment-total wpforms-field-medium\" data-field-id=\"6\" aria-live=\"polite\" aria-atomic=\"true\"><label class=\"wpforms-field-label\">Total Amount <span class=\"wpforms-required-label\" aria-hidden=\"true\">*<\/span><\/label><div class=\"wpforms-payment-total\" style=\"\">&#036;0.00<\/div><input type=\"text\" id=\"wpforms-12992-field_6\" class=\"wpforms-field-medium wpforms-field-required wpforms-payment-total\" data-rule-required-payment=\"1\" name=\"wpforms[fields][6]\" value=\"0\" style=\"position:absolute!important;clip:rect(0,0,0,0)!important;height:1px!important;width:1px!important;border:0!important;overflow:hidden!important;padding:0!important;margin:0!important;\" readonly=\"readonly\"><\/div>\t\t<div id=\"wpforms-12992-field_4-container\"\n\t\t\tclass=\"wpforms-field wpforms-field-text\"\n\t\t\tdata-field-type=\"text\"\n\t\t\tdata-field-id=\"4\"\n\t\t\t>\n\t\t\t<label class=\"wpforms-field-label\" for=\"wpforms-12992-field_4\" >Frais &#8211; &#8211;<\/label>\n\t\t\t<input type=\"text\" id=\"wpforms-12992-field_4\" class=\"wpforms-field-medium\" name=\"wpforms[fields][4]\" >\n\t\t<\/div>\n\t\t<div id=\"wpforms-12992-field_7-container\" class=\"wpforms-field wpforms-field-textarea\" data-field-id=\"7\"><label class=\"wpforms-field-label\" for=\"wpforms-12992-field_7\">Commentaire &#8211; Comment<\/label><textarea id=\"wpforms-12992-field_7\" class=\"wpforms-field-medium\" name=\"wpforms[fields][7]\" aria-errormessage=\"wpforms-12992-field_7-error\" ><\/textarea><\/div><div id=\"wpforms-12992-field_10-container\" class=\"wpforms-field wpforms-field-stripe-credit-card\" data-field-id=\"10\"><label class=\"wpforms-field-label\">Paiement par carte de cr\u00e9dit &#8211; Credit Card Payment <span class=\"wpforms-required-label\" aria-hidden=\"true\">*<\/span><\/label><div class=\"wpforms-field-row wpforms-no-columns wpforms-field-medium \" data-sublabel-position=\"above\" data-link-email=\"2\" data-required=\"1\"><div id=\"wpforms-field-stripe-payment-element-12992\"><\/div><input type=\"text\" class=\"wpforms-stripe-credit-card-hidden-input\" name=\"wpforms[stripe-credit-card-hidden-input-12992]\" disabled style=\"display: none;\"><\/div><\/div><script>\n\t\t\t\t( function() {\n\t\t\t\t\tconst style = document.createElement( 'style' );\n\t\t\t\t\tstyle.appendChild( document.createTextNode( '#wpforms-12992-field_4-container { position: absolute !important; overflow: hidden !important; display: inline !important; height: 1px !important; width: 1px !important; z-index: -1000 !important; padding: 0 !important; } #wpforms-12992-field_4-container input { visibility: hidden; } #wpforms-conversational-form-page #wpforms-12992-field_4-container label { counter-increment: none; }' ) );\n\t\t\t\t\tdocument.head.appendChild( style );\n\t\t\t\t\tdocument.currentScript?.remove();\n\t\t\t\t} )();\n\t\t\t<\/script><\/div><!-- .wpforms-field-container --><div class=\"wpforms-submit-container\" ><input type=\"hidden\" name=\"wpforms[id]\" value=\"12992\"><input type=\"hidden\" name=\"page_title\" value=\"\"><input type=\"hidden\" name=\"page_url\" value=\"https:\/\/soccerstl.ca\/en\/wp-json\/wp\/v2\/pages\/13002\"><input type=\"hidden\" name=\"url_referer\" value=\"\"><button type=\"submit\" name=\"wpforms[submit]\" id=\"wpforms-submit-12992\" class=\"wpforms-submit\" data-alt-text=\"Envoi en cours - Sending...\" data-submit-text=\"Soumettre - Submit\" aria-live=\"assertive\" value=\"wpforms-submit\">Soumettre &#8211; Submit<\/button><img decoding=\"async\" src=\"https:\/\/soccerstl.ca\/wp-content\/plugins\/wpforms\/assets\/images\/submit-spin.svg\" class=\"wpforms-submit-spinner\" style=\"display: none;\" width=\"26\" height=\"26\" alt=\"Loading\"><\/div><\/form><\/div>  <!-- .wpforms-container -->\n\n\n<p><\/p>\n","protected":false},"excerpt":{"rendered":"","protected":false},"author":3,"featured_media":0,"parent":0,"menu_order":0,"comment_status":"closed","ping_status":"closed","template":"","meta":{"footnotes":""},"class_list":["post-13002","page","type-page","status-publish","hentry"],"jetpack_sharing_enabled":true,"_links":{"self":[{"href":"https:\/\/soccerstl.ca\/en\/wp-json\/wp\/v2\/pages\/13002","targetHints":{"allow":["GET"]}}],"collection":[{"href":"https:\/\/soccerstl.ca\/en\/wp-json\/wp\/v2\/pages"}],"about":[{"href":"https:\/\/soccerstl.ca\/en\/wp-json\/wp\/v2\/types\/page"}],"author":[{"embeddable":true,"href":"https:\/\/soccerstl.ca\/en\/wp-json\/wp\/v2\/users\/3"}],"replies":[{"embeddable":true,"href":"https:\/\/soccerstl.ca\/en\/wp-json\/wp\/v2\/comments?post=13002"}],"version-history":[{"count":1,"href":"https:\/\/soccerstl.ca\/en\/wp-json\/wp\/v2\/pages\/13002\/revisions"}],"predecessor-version":[{"id":13003,"href":"https:\/\/soccerstl.ca\/en\/wp-json\/wp\/v2\/pages\/13002\/revisions\/13003"}],"wp:attachment":[{"href":"https:\/\/soccerstl.ca\/en\/wp-json\/wp\/v2\/media?parent=13002"}],"curies":[{"name":"wp","href":"https:\/\/api.w.org\/{rel}","templated":true}]}}