{"id":12372,"date":"2026-03-10T01:08:24","date_gmt":"2026-03-10T01:08:24","guid":{"rendered":"https:\/\/soccerstl.ca\/?page_id=12372"},"modified":"2026-03-10T01:08:24","modified_gmt":"2026-03-10T01:08:24","slug":"formulaire-de-paiement-payment-form-tournoi-2026-tournament","status":"publish","type":"page","link":"https:\/\/soccerstl.ca\/en\/formulaire-de-paiement-payment-form-tournoi-2026-tournament\/","title":{"rendered":"Formulaire de paiement &#8211; Payment Form &#8211; Tournoi 2026 &#8211; Tournament"},"content":{"rendered":"<style id=\"wpforms-css-vars-12361-block-3a9605d3-6257-4b0f-b089-7a7d28aebe83\">\n\t\t\t\t#wpforms-12361.wpforms-block-3a9605d3-6257-4b0f-b089-7a7d28aebe83 {\n\t\t\t\t--wpforms-field-size-input-height: 43px;\n--wpforms-field-size-input-spacing: 15px;\n--wpforms-field-size-font-size: 16px;\n--wpforms-field-size-line-height: 19px;\n--wpforms-field-size-padding-h: 14px;\n--wpforms-field-size-checkbox-size: 16px;\n--wpforms-field-size-sublabel-spacing: 5px;\n--wpforms-field-size-icon-size: 1;\n--wpforms-label-size-font-size: 16px;\n--wpforms-label-size-line-height: 19px;\n--wpforms-label-size-sublabel-font-size: 14px;\n--wpforms-label-size-sublabel-line-height: 17px;\n--wpforms-button-size-font-size: 17px;\n--wpforms-button-size-height: 41px;\n--wpforms-button-size-padding-h: 15px;\n--wpforms-button-size-margin-top: 10px;\n--wpforms-container-shadow-size-box-shadow: none;\n\t\t\t}\n\t\t\t<\/style><div class=\"wpforms-container wpforms-container-full wpforms-stripe wpforms-block wpforms-block-3a9605d3-6257-4b0f-b089-7a7d28aebe83 wpforms-render-modern\" id=\"wpforms-12361\"><form id=\"wpforms-form-12361\" class=\"wpforms-validate wpforms-form wpforms-ajax-form\" data-formid=\"12361\" method=\"post\" enctype=\"multipart\/form-data\" action=\"\/en\/wp-json\/wp\/v2\/pages\/12372\" data-token=\"203d479cafb6e6ed97785ba769d1eed0\" data-token-time=\"1777989109\"><noscript class=\"wpforms-error-noscript\">Please enable JavaScript in your browser to complete this form.<\/noscript><div id=\"wpforms-error-noscript\" style=\"display: none;\">Please enable JavaScript in your browser to complete this form.<\/div><div class=\"wpforms-field-container\"><div id=\"wpforms-12361-field_5-container\" class=\"wpforms-field wpforms-field-name\" data-field-id=\"5\"><label class=\"wpforms-field-label\" for=\"wpforms-12361-field_5\">Nom du g\u00e9rant &#8211; Managers Name <span class=\"wpforms-required-label\" aria-hidden=\"true\">*<\/span><\/label><input type=\"text\" id=\"wpforms-12361-field_5\" class=\"wpforms-field-medium wpforms-field-required\" name=\"wpforms[fields][5]\" aria-errormessage=\"wpforms-12361-field_5-error\" aria-describedby=\"wpforms-12361-field_5-description\" required><div id=\"wpforms-12361-field_5-description\" class=\"wpforms-field-description\">Pr\u00e9nom et nom de famille  &#8211; First &amp; Family Name<\/div><\/div><div id=\"wpforms-12361-field_6-container\" class=\"wpforms-field wpforms-field-number\" data-field-id=\"6\"><label class=\"wpforms-field-label\" for=\"wpforms-12361-field_6\">T\u00e9l\u00e9phone &#8211; Telephone <span class=\"wpforms-required-label\" aria-hidden=\"true\">*<\/span><\/label><input type=\"number\" id=\"wpforms-12361-field_6\" class=\"wpforms-field-medium wpforms-field-required\" name=\"wpforms[fields][6]\" step=\"any\" aria-errormessage=\"wpforms-12361-field_6-error\" required><\/div><div id=\"wpforms-12361-field_7-container\" class=\"wpforms-field wpforms-field-email\" data-field-id=\"7\"><fieldset><legend class=\"wpforms-field-label\">Adresse courriel &#8211; Email Address <span class=\"wpforms-required-label\" aria-hidden=\"true\">*<\/span><\/legend><div class=\"wpforms-field-row wpforms-field-medium\"><div class=\"wpforms-field-row-block wpforms-one-half wpforms-first\"><input type=\"email\" id=\"wpforms-12361-field_7\" class=\"wpforms-field-required wpforms-field-email-primary\" name=\"wpforms[fields][7][primary]\" spellcheck=\"false\" aria-errormessage=\"wpforms-12361-field_7-error\" required><label for=\"wpforms-12361-field_7\" class=\"wpforms-field-sublabel after\">Email<\/label><\/div><div class=\"wpforms-field-row-block wpforms-one-half\"><input type=\"email\" id=\"wpforms-12361-field_7-secondary\" class=\"wpforms-field-email-secondary wpforms-field-required\" data-rule-confirm=\"#wpforms-12361-field_7\" name=\"wpforms[fields][7][secondary]\" spellcheck=\"false\" aria-errormessage=\"wpforms-12361-field_7-secondary-error\" required><label for=\"wpforms-12361-field_7-secondary\" class=\"wpforms-field-sublabel after\">Confirm Email<\/label><\/div><\/div><\/fieldset><\/div><div id=\"wpforms-12361-field_8-container\" class=\"wpforms-field wpforms-field-text\" data-field-id=\"8\"><label class=\"wpforms-field-label\" for=\"wpforms-12361-field_8\">Nom de l&#039;\u00e9quipe &#8211; Team Name <span class=\"wpforms-required-label\" aria-hidden=\"true\">*<\/span><\/label><input type=\"text\" id=\"wpforms-12361-field_8\" class=\"wpforms-field-medium wpforms-field-required\" name=\"wpforms[fields][8]\" aria-errormessage=\"wpforms-12361-field_8-error\" aria-describedby=\"wpforms-12361-field_8-description\" required><div id=\"wpforms-12361-field_8-description\" class=\"wpforms-field-description\">Ajouter la cat\u00e9gorie, la division, genre etc. &#8211; \nInclude category, division, gender etc.<\/div><\/div><div id=\"wpforms-12361-field_9-container\" class=\"wpforms-field wpforms-field-text\" data-field-id=\"9\"><label class=\"wpforms-field-label\" for=\"wpforms-12361-field_9\">ID de l&#039;\u00e9quipe Spordle &#8211; Team Spordle ID<\/label><input type=\"text\" id=\"wpforms-12361-field_9\" class=\"wpforms-field-medium\" name=\"wpforms[fields][9]\" aria-errormessage=\"wpforms-12361-field_9-error\" aria-describedby=\"wpforms-12361-field_9-description\" ><div id=\"wpforms-12361-field_9-description\" class=\"wpforms-field-description\">Pour les \u00e9quipes du Qu\u00e9bec &#8211; For Quebec Teams<\/div><\/div><div id=\"wpforms-12361-field_10-container\" class=\"wpforms-field wpforms-field-payment-select wpforms-field-select-style-classic\" data-field-id=\"10\"><label class=\"wpforms-field-label\" for=\"wpforms-12361-field_10\">S\u00e9lectionnez l&#039;option de cat\u00e9gorie &#8211; Select Catagory Option <span class=\"wpforms-required-label\" aria-hidden=\"true\">*<\/span><\/label><select id=\"wpforms-12361-field_10\" class=\"wpforms-payment-price wpforms-field-medium wpforms-field-required\" name=\"wpforms[fields][10]\" required=\"required\"><option value=\"\" class=\"placeholder\" disabled  selected='selected'>S\u00e9lectionnez &#8211; Select<\/option><option value=\"21\" data-amount=\"350.00\" >U8 &#8211; &#036;350.00<\/option><option value=\"3\" data-amount=\"400.00\" >U9 &#8211; &#036;400.00<\/option><option value=\"6\" data-amount=\"400.00\" >U10 &#8211; &#036;400.00<\/option><option value=\"17\" data-amount=\"450.00\" >U11 &#8211; &#036;450.00<\/option><option value=\"23\" data-amount=\"450.00\" >U12 &#8211; &#036;450.00<\/option><\/select><\/div><div id=\"wpforms-12361-field_16-container\" class=\"wpforms-field wpforms-field-textarea\" data-field-id=\"16\"><label class=\"wpforms-field-label\" for=\"wpforms-12361-field_16\">Message<\/label><textarea id=\"wpforms-12361-field_16\" class=\"wpforms-field-medium\" name=\"wpforms[fields][16]\" aria-errormessage=\"wpforms-12361-field_16-error\" ><\/textarea><\/div><div id=\"wpforms-12361-field_13-container\" class=\"wpforms-field wpforms-field-payment-total wpforms-field-medium\" data-field-id=\"13\" aria-live=\"polite\" aria-atomic=\"true\"><label class=\"wpforms-field-label\">Totale &#8211; Total <span class=\"wpforms-required-label\" aria-hidden=\"true\">*<\/span><\/label><div class=\"wpforms-payment-total\" style=\"\">&#036;0.00<\/div><input type=\"text\" id=\"wpforms-12361-field_13\" class=\"wpforms-field-medium wpforms-field-required wpforms-payment-total\" data-rule-required-payment=\"1\" name=\"wpforms[fields][13]\" value=\"0\" aria-describedby=\"wpforms-12361-field_13-description\" style=\"position:absolute!important;clip:rect(0,0,0,0)!important;height:1px!important;width:1px!important;border:0!important;overflow:hidden!important;padding:0!important;margin:0!important;\" readonly=\"readonly\"><div id=\"wpforms-12361-field_13-description\" class=\"wpforms-field-description\">Aucun remboursement ne sera effectu\u00e9 apr\u00e8s l&rsquo;inscription, sauf en cas d&rsquo;annulation d&rsquo;une cat\u00e9gorie par l&rsquo;organisation du tournoi.\n\n\nNo refunds will be issued after registration, except in the event of a category cancellation by the tournament organizers.<\/div><\/div><div id=\"wpforms-12361-field_14-container\" class=\"wpforms-field wpforms-field-stripe-credit-card\" data-field-id=\"14\"><label class=\"wpforms-field-label\">Paiement &#8211; Payment <span class=\"wpforms-required-label\" aria-hidden=\"true\">*<\/span><\/label><div class=\"wpforms-field-row wpforms-no-columns wpforms-field-medium \" data-sublabel-position=\"above\" data-link-email=\"7\" data-required=\"1\"><div id=\"wpforms-field-stripe-payment-element-12361\"><\/div><input type=\"text\" class=\"wpforms-stripe-credit-card-hidden-input\" name=\"wpforms[stripe-credit-card-hidden-input-12361]\" disabled style=\"display: none;\"><\/div><\/div><\/div><!-- .wpforms-field-container --><div class=\"wpforms-submit-container\" ><input type=\"hidden\" name=\"wpforms[id]\" value=\"12361\"><input type=\"hidden\" name=\"page_title\" value=\"\"><input type=\"hidden\" name=\"page_url\" value=\"https:\/\/soccerstl.ca\/en\/wp-json\/wp\/v2\/pages\/12372\"><input type=\"hidden\" name=\"url_referer\" value=\"\"><button type=\"submit\" name=\"wpforms[submit]\" id=\"wpforms-submit-12361\" class=\"wpforms-submit\" data-alt-text=\"Envoi en cours - Sending...\" data-submit-text=\"Soumettre - Submit\" aria-live=\"assertive\" value=\"wpforms-submit\">Soumettre &#8211; Submit<\/button><img decoding=\"async\" src=\"https:\/\/soccerstl.ca\/wp-content\/plugins\/wpforms\/assets\/images\/submit-spin.svg\" class=\"wpforms-submit-spinner\" style=\"display: none;\" width=\"26\" height=\"26\" alt=\"Loading\"><\/div><\/form><\/div>  <!-- .wpforms-container -->","protected":false},"excerpt":{"rendered":"","protected":false},"author":3,"featured_media":0,"parent":0,"menu_order":0,"comment_status":"closed","ping_status":"closed","template":"","meta":{"footnotes":""},"class_list":["post-12372","page","type-page","status-publish","hentry"],"jetpack_sharing_enabled":true,"_links":{"self":[{"href":"https:\/\/soccerstl.ca\/en\/wp-json\/wp\/v2\/pages\/12372","targetHints":{"allow":["GET"]}}],"collection":[{"href":"https:\/\/soccerstl.ca\/en\/wp-json\/wp\/v2\/pages"}],"about":[{"href":"https:\/\/soccerstl.ca\/en\/wp-json\/wp\/v2\/types\/page"}],"author":[{"embeddable":true,"href":"https:\/\/soccerstl.ca\/en\/wp-json\/wp\/v2\/users\/3"}],"replies":[{"embeddable":true,"href":"https:\/\/soccerstl.ca\/en\/wp-json\/wp\/v2\/comments?post=12372"}],"version-history":[{"count":1,"href":"https:\/\/soccerstl.ca\/en\/wp-json\/wp\/v2\/pages\/12372\/revisions"}],"predecessor-version":[{"id":12373,"href":"https:\/\/soccerstl.ca\/en\/wp-json\/wp\/v2\/pages\/12372\/revisions\/12373"}],"wp:attachment":[{"href":"https:\/\/soccerstl.ca\/en\/wp-json\/wp\/v2\/media?parent=12372"}],"curies":[{"name":"wp","href":"https:\/\/api.w.org\/{rel}","templated":true}]}}