{"id":12067,"date":"2026-01-23T04:10:03","date_gmt":"2026-01-23T04:10:03","guid":{"rendered":"https:\/\/soccerstl.ca\/?page_id=12067"},"modified":"2026-01-23T04:17:39","modified_gmt":"2026-01-23T04:17:39","slug":"referee-course-payment","status":"publish","type":"page","link":"https:\/\/soccerstl.ca\/en\/referee-course-payment\/","title":{"rendered":"Paiement du cours d\u2019arbitrage &#8211; Referee Course Payment"},"content":{"rendered":"<div data-elementor-type=\"wp-page\" data-elementor-id=\"12067\" class=\"elementor elementor-12067\" data-elementor-post-type=\"page\">\n\t\t\t\t\t\t<section class=\"elementor-section elementor-top-section elementor-element elementor-element-6951409e elementor-section-boxed elementor-section-height-default elementor-section-height-default\" data-id=\"6951409e\" data-element_type=\"section\">\n\t\t\t\t\t\t<div class=\"elementor-container elementor-column-gap-default\">\n\t\t\t\t\t<div class=\"elementor-column elementor-col-100 elementor-top-column elementor-element elementor-element-6b724ec8\" data-id=\"6b724ec8\" data-element_type=\"column\">\n\t\t\t<div class=\"elementor-widget-wrap elementor-element-populated\">\n\t\t\t\t\t\t<div class=\"elementor-element elementor-element-7ef6db7e elementor-widget elementor-widget-text-editor\" data-id=\"7ef6db7e\" data-element_type=\"widget\" data-widget_type=\"text-editor.default\">\n\t\t\t\t<div class=\"elementor-widget-container\">\n\t\t\t<style>\/*! elementor - v3.20.0 - 26-03-2024 *\/\n.elementor-widget-text-editor.elementor-drop-cap-view-stacked .elementor-drop-cap{background-color:#69727d;color:#fff}.elementor-widget-text-editor.elementor-drop-cap-view-framed .elementor-drop-cap{color:#69727d;border:3px solid;background-color:transparent}.elementor-widget-text-editor:not(.elementor-drop-cap-view-default) .elementor-drop-cap{margin-top:8px}.elementor-widget-text-editor:not(.elementor-drop-cap-view-default) .elementor-drop-cap-letter{width:1em;height:1em}.elementor-widget-text-editor .elementor-drop-cap{float:left;text-align:center;line-height:1;font-size:50px}.elementor-widget-text-editor .elementor-drop-cap-letter{display:inline-block}<\/style>\t\t\t\t<!-- wp:wpforms\/form-selector {\"clientId\":\"7e53de94-6dc6-46cd-8624-7ae8c780cd6c\",\"formId\":\"12056\",\"theme\":\"default\",\"themeName\":\"Default\",\"copyPasteJsonValue\":\"{\\u0022displayTitle\\u0022:false,\\u0022displayDesc\\u0022:false,\\u0022theme\\u0022:\\u0022default\\u0022,\\u0022themeName\\u0022:\\u0022Default\\u0022,\\u0022fieldSize\\u0022:\\u0022medium\\u0022,\\u0022backgroundImage\\u0022:\\u0022none\\u0022,\\u0022backgroundPosition\\u0022:\\u0022center center\\u0022,\\u0022backgroundRepeat\\u0022:\\u0022no-repeat\\u0022,\\u0022backgroundSizeMode\\u0022:\\u0022cover\\u0022,\\u0022backgroundSize\\u0022:\\u0022cover\\u0022,\\u0022backgroundWidth\\u0022:\\u0022100px\\u0022,\\u0022backgroundHeight\\u0022:\\u0022100px\\u0022,\\u0022backgroundUrl\\u0022:\\u0022url()\\u0022,\\u0022backgroundColor\\u0022:\\u0022rgba( 0, 0, 0, 0 )\\u0022,\\u0022fieldBorderRadius\\u0022:\\u00223px\\u0022,\\u0022fieldBorderStyle\\u0022:\\u0022solid\\u0022,\\u0022fieldBorderSize\\u0022:\\u00221px\\u0022,\\u0022fieldBackgroundColor\\u0022:\\u0022#ffffff\\u0022,\\u0022fieldBorderColor\\u0022:\\u0022rgba( 0, 0, 0, 0.25 )\\u0022,\\u0022fieldTextColor\\u0022:\\u0022rgba( 0, 0, 0, 0.7 )\\u0022,\\u0022fieldMenuColor\\u0022:\\u0022#ffffff\\u0022,\\u0022labelSize\\u0022:\\u0022medium\\u0022,\\u0022labelColor\\u0022:\\u0022rgba( 0, 0, 0, 0.85 )\\u0022,\\u0022labelSublabelColor\\u0022:\\u0022rgba( 0, 0, 0, 0.55 )\\u0022,\\u0022labelErrorColor\\u0022:\\u0022#d63637\\u0022,\\u0022buttonSize\\u0022:\\u0022medium\\u0022,\\u0022buttonBorderStyle\\u0022:\\u0022none\\u0022,\\u0022buttonBorderSize\\u0022:\\u00221px\\u0022,\\u0022buttonBorderRadius\\u0022:\\u00223px\\u0022,\\u0022buttonBackgroundColor\\u0022:\\u0022#066aab\\u0022,\\u0022buttonTextColor\\u0022:\\u0022#ffffff\\u0022,\\u0022buttonBorderColor\\u0022:\\u0022#066aab\\u0022,\\u0022pageBreakColor\\u0022:\\u0022#066aab\\u0022,\\u0022containerPadding\\u0022:\\u00220px\\u0022,\\u0022containerBorderStyle\\u0022:\\u0022none\\u0022,\\u0022containerBorderWidth\\u0022:\\u00221px\\u0022,\\u0022containerBorderColor\\u0022:\\u0022#000000\\u0022,\\u0022containerBorderRadius\\u0022:\\u00223px\\u0022,\\u0022containerShadowSize\\u0022:\\u0022none\\u0022,\\u0022customCss\\u0022:\\u0022\\u0022}\"} \/-->\n\n<!-- wp:paragraph -->\n<p><\/p>\n<!-- \/wp:paragraph -->\t\t\t\t\t\t<\/div>\n\t\t\t\t<\/div>\n\t\t\t\t\t<\/div>\n\t\t<\/div>\n\t\t\t\t\t<\/div>\n\t\t<\/section>\n\t\t\t\t<section class=\"elementor-section elementor-top-section elementor-element elementor-element-3721e36 elementor-section-boxed elementor-section-height-default elementor-section-height-default\" data-id=\"3721e36\" data-element_type=\"section\">\n\t\t\t\t\t\t<div class=\"elementor-container elementor-column-gap-default\">\n\t\t\t\t\t<div class=\"elementor-column elementor-col-100 elementor-top-column elementor-element elementor-element-89c0607\" data-id=\"89c0607\" data-element_type=\"column\">\n\t\t\t<div class=\"elementor-widget-wrap elementor-element-populated\">\n\t\t\t\t\t\t<div class=\"elementor-element elementor-element-5da2626 elementor-widget elementor-widget-wpforms\" data-id=\"5da2626\" data-element_type=\"widget\" data-widget_type=\"wpforms.default\">\n\t\t\t\t<div class=\"elementor-widget-container\">\n\t\t\t<div class=\"wpforms-container wpforms-container-full wpforms-stripe wpforms-block wpforms-block-7e53de94-6dc6-46cd-8624-7ae8c780cd6c wpforms-render-modern\" id=\"wpforms-12056\"><form id=\"wpforms-form-12056\" class=\"wpforms-validate wpforms-form wpforms-ajax-form\" data-formid=\"12056\" method=\"post\" enctype=\"multipart\/form-data\" action=\"\/en\/wp-json\/wp\/v2\/pages\/12067\" data-token=\"5178838c2f70861bb754c09f62be9ffc\" data-token-time=\"1776285740\" data-trp-original-action=\"\/en\/wp-json\/wp\/v2\/pages\/12067\"><noscript class=\"wpforms-error-noscript\">Please enable JavaScript in your browser to complete this form.<\/noscript><div id=\"wpforms-error-noscript\" style=\"display: none;\">Please enable JavaScript in your browser to complete this form.<\/div><div class=\"wpforms-field-container\"><div id=\"wpforms-12056-field_3-container\" class=\"wpforms-field wpforms-field-name\" data-field-id=\"3\"><label class=\"wpforms-field-label\" for=\"wpforms-12056-field_3\">Participant <span class=\"wpforms-required-label\" aria-hidden=\"true\">*<\/span><\/label><input type=\"text\" id=\"wpforms-12056-field_3\" class=\"wpforms-field-medium wpforms-field-required\" name=\"wpforms[fields][3]\" placeholder=\"Nom de famille, pr\u00e9nom - Last name, First Name\" aria-errormessage=\"wpforms-12056-field_3-error\" aria-describedby=\"wpforms-12056-field_3-description\" required><div id=\"wpforms-12056-field_3-description\" class=\"wpforms-field-description\">Joueur \/ Player<\/div><\/div><div id=\"wpforms-12056-field_4-container\" class=\"wpforms-field wpforms-field-text\" data-field-id=\"4\"><label class=\"wpforms-field-label\" for=\"wpforms-12056-field_4\">Ann\u00e9e de naissance - Year of Birth <span class=\"wpforms-required-label\" aria-hidden=\"true\">*<\/span><\/label><input type=\"text\" id=\"wpforms-12056-field_4\" class=\"wpforms-field-medium wpforms-field-required\" name=\"wpforms[fields][4]\" aria-errormessage=\"wpforms-12056-field_4-error\" aria-describedby=\"wpforms-12056-field_4-description\" required><div id=\"wpforms-12056-field_4-description\" class=\"wpforms-field-description\">Ann\u00e9e\/Mois\/Jour - Year\/Month\/Day<\/div><\/div><div id=\"wpforms-12056-field_7-container\" class=\"wpforms-field wpforms-field-email\" data-field-id=\"7\"><label class=\"wpforms-field-label\" for=\"wpforms-12056-field_7\">Courriel - Email <span class=\"wpforms-required-label\" aria-hidden=\"true\">*<\/span><\/label><input type=\"email\" id=\"wpforms-12056-field_7\" class=\"wpforms-field-medium wpforms-field-required\" name=\"wpforms[fields][7]\" spellcheck=\"false\" aria-errormessage=\"wpforms-12056-field_7-error\" required><\/div><div id=\"wpforms-12056-field_13-container\" class=\"wpforms-field wpforms-field-phone\" data-field-id=\"13\"><label class=\"wpforms-field-label\" for=\"wpforms-12056-field_13\">Num\u00e9ro de t\u00e9l\u00e9phone - Phone Number <span class=\"wpforms-required-label\" aria-hidden=\"true\">*<\/span><\/label><input type=\"tel\" id=\"wpforms-12056-field_13\" class=\"wpforms-field-medium wpforms-field-required wpforms-smart-phone-field\" data-rule-smart-phone-field=\"true\" name=\"wpforms[fields][13]\" aria-label=\"Num\u00e9ro de t\u00e9l\u00e9phone - Phone Number\" aria-errormessage=\"wpforms-12056-field_13-error\" required><\/div><div id=\"wpforms-12056-field_14-container\" class=\"wpforms-field wpforms-field-payment-select wpforms-field-select-style-classic\" data-field-id=\"14\"><label class=\"wpforms-field-label\" for=\"wpforms-12056-field_14\">Arbitrage - Refereeing <span class=\"wpforms-required-label\" aria-hidden=\"true\">*<\/span><\/label><select id=\"wpforms-12056-field_14\" class=\"wpforms-payment-price wpforms-field-medium wpforms-field-required\" name=\"wpforms[fields][14]\" required=\"required\"><option value=\"\" class=\"placeholder\" disabled selected='selected'>S\u00e9lectionner - Select<\/option><option value=\"1\" data-amount=\"75.00\" >Cour - Course<\/option><\/select><\/div><div id=\"wpforms-12056-field_6-container\" class=\"wpforms-field wpforms-field-textarea\" data-field-id=\"6\"><label class=\"wpforms-field-label\" for=\"wpforms-12056-field_6\">Remarques - Note<\/label><textarea id=\"wpforms-12056-field_6\" class=\"wpforms-field-medium\" name=\"wpforms[fields][6]\" aria-errormessage=\"wpforms-12056-field_6-error\" ><\/textarea><\/div><div id=\"wpforms-12056-field_12-container\" class=\"wpforms-field wpforms-field-payment-total wpforms-field-medium\" data-field-id=\"12\" aria-live=\"polite\" aria-atomic=\"true\"><label class=\"wpforms-field-label\">Total <span class=\"wpforms-required-label\" aria-hidden=\"true\">*<\/span><\/label><div class=\"wpforms-payment-total\" style=\"\">&#036;0.00<\/div><input type=\"text\" id=\"wpforms-12056-field_12\" class=\"wpforms-field-medium wpforms-field-required wpforms-payment-total\" data-rule-required-payment=\"1\" name=\"wpforms[fields][12]\" value=\"0\" style=\"position:absolute!important;clip:rect(0,0,0,0)!important;height:1px!important;width:1px!important;border:0!important;overflow:hidden!important;padding:0!important;margin:0!important;\" readonly=\"readonly\"><\/div><div id=\"wpforms-12056-field_9-container\" class=\"wpforms-field wpforms-field-stripe-credit-card\" data-field-id=\"9\"><label class=\"wpforms-field-label\">Paiement par carte de cr\u00e9dit - Credit Card Payment <span class=\"wpforms-required-label\" aria-hidden=\"true\">*<\/span><\/label><div class=\"wpforms-field-row wpforms-no-columns wpforms-field-medium\" data-sublabel-position=\"above\" data-link-email=\"\" data-required=\"1\"><div id=\"wpforms-field-stripe-link-element-12056\"><\/div><div id=\"wpforms-field-stripe-payment-element-12056\"><\/div><input type=\"text\" class=\"wpforms-stripe-credit-card-hidden-input\" name=\"wpforms[stripe-credit-card-hidden-input-12056]\" disabled style=\"display: none;\"><\/div><\/div><\/div><!-- .wpforms-field-container --><div class=\"wpforms-submit-container\" ><input type=\"hidden\" name=\"wpforms[id]\" value=\"12056\"><input type=\"hidden\" name=\"page_title\" value=\"\"><input type=\"hidden\" name=\"page_url\" value=\"https:\/\/soccerstl.ca\/en\/wp-json\/wp\/v2\/pages\/12067\"><input type=\"hidden\" name=\"url_referer\" value=\"\"><button type=\"submit\" name=\"wpforms[submit]\" id=\"wpforms-submit-12056\" class=\"wpforms-submit\" data-alt-text=\"Envoyer - Sending....\" data-submit-text=\"SOUMETTRE - SUBMIT\" aria-live=\"assertive\" value=\"wpforms-submit\">SOUMETTRE - SUBMIT<\/button><img decoding=\"async\" src=\"https:\/\/soccerstl.ca\/wp-content\/plugins\/wpforms\/assets\/images\/submit-spin.svg\" class=\"wpforms-submit-spinner\" style=\"display: none;\" width=\"26\" height=\"26\" alt=\"Loading\"><\/div><input type=\"hidden\" name=\"trp-form-language\" value=\"en\"\/><\/form><\/div>  <!-- .wpforms-container -->\t\t<\/div>\n\t\t\t\t<\/div>\n\t\t\t\t\t<\/div>\n\t\t<\/div>\n\t\t\t\t\t<\/div>\n\t\t<\/section>\n\t\t\t\t<\/div>","protected":false},"excerpt":{"rendered":"<p>Please enable JavaScript in your browser to complete this form.Please enable JavaScript in your browser to complete this form.Participant *Joueur \/ PlayerAnn\u00e9e de naissance &#8211; Year of Birth *Ann\u00e9e\/Mois\/Jour &#8211; Year\/Month\/DayCourriel &#8211; Email *Num\u00e9ro de t\u00e9l\u00e9phone &#8211; Phone Number * Arbitrage &#8211; Refereeing *S\u00e9lectionner &#8211; SelectCour &#8211; CourseRemarques &#8211; NoteTotal *&#036;0.00Paiement par carte de cr\u00e9dit [&hellip;]<\/p>","protected":false},"author":3,"featured_media":0,"parent":0,"menu_order":0,"comment_status":"closed","ping_status":"closed","template":"","meta":{"footnotes":""},"class_list":["post-12067","page","type-page","status-publish","hentry"],"_links":{"self":[{"href":"https:\/\/soccerstl.ca\/en\/wp-json\/wp\/v2\/pages\/12067","targetHints":{"allow":["GET"]}}],"collection":[{"href":"https:\/\/soccerstl.ca\/en\/wp-json\/wp\/v2\/pages"}],"about":[{"href":"https:\/\/soccerstl.ca\/en\/wp-json\/wp\/v2\/types\/page"}],"author":[{"embeddable":true,"href":"https:\/\/soccerstl.ca\/en\/wp-json\/wp\/v2\/users\/3"}],"replies":[{"embeddable":true,"href":"https:\/\/soccerstl.ca\/en\/wp-json\/wp\/v2\/comments?post=12067"}],"version-history":[{"count":6,"href":"https:\/\/soccerstl.ca\/en\/wp-json\/wp\/v2\/pages\/12067\/revisions"}],"predecessor-version":[{"id":12082,"href":"https:\/\/soccerstl.ca\/en\/wp-json\/wp\/v2\/pages\/12067\/revisions\/12082"}],"wp:attachment":[{"href":"https:\/\/soccerstl.ca\/en\/wp-json\/wp\/v2\/media?parent=12067"}],"curies":[{"name":"wp","href":"https:\/\/api.w.org\/{rel}","templated":true}]}}