{"id":11650,"date":"2025-12-23T00:27:24","date_gmt":"2025-12-23T00:27:24","guid":{"rendered":"https:\/\/soccerstl.ca\/?page_id=11650"},"modified":"2025-12-23T00:27:24","modified_gmt":"2025-12-23T00:27:24","slug":"formulaire-de-paiement-pour-la-location-de-terrain-field-rental-payment-form","status":"publish","type":"page","link":"https:\/\/soccerstl.ca\/en\/formulaire-de-paiement-pour-la-location-de-terrain-field-rental-payment-form\/","title":{"rendered":"Formulaire de paiement pour la location de terrain &#8211; Field Rental Payment Form"},"content":{"rendered":"<div class=\"wpforms-container wpforms-container-full wpforms-stripe wpforms-block wpforms-block-4ea10b72-dae4-400c-a689-560bcae9c303 wpforms-render-modern\" id=\"wpforms-11625\"><form id=\"wpforms-form-11625\" class=\"wpforms-validate wpforms-form wpforms-ajax-form\" data-formid=\"11625\" method=\"post\" enctype=\"multipart\/form-data\" action=\"\/en\/wp-json\/wp\/v2\/pages\/11650\" data-token=\"e0225be293486eb35dd53b596861f258\" data-token-time=\"1777703879\"><noscript class=\"wpforms-error-noscript\">Please enable JavaScript in your browser to complete this form.<\/noscript><div id=\"wpforms-error-noscript\" style=\"display: none;\">Please enable JavaScript in your browser to complete this form.<\/div><div class=\"wpforms-field-container\"><div id=\"wpforms-11625-field_1-container\" class=\"wpforms-field wpforms-field-name\" data-field-id=\"1\"><fieldset><legend class=\"wpforms-field-label\">Nom du gestionnaire &#8211; Manager Name <span class=\"wpforms-required-label\" aria-hidden=\"true\">*<\/span><\/legend><div class=\"wpforms-field-row wpforms-field-medium\"><div class=\"wpforms-field-row-block wpforms-first wpforms-one-half\"><input type=\"text\" id=\"wpforms-11625-field_1\" class=\"wpforms-field-name-first wpforms-field-required\" name=\"wpforms[fields][1][first]\" placeholder=\"Pr\u00e9nom - First Name\" aria-errormessage=\"wpforms-11625-field_1-error\" required><label for=\"wpforms-11625-field_1\" class=\"wpforms-field-sublabel after\">First<\/label><\/div><div class=\"wpforms-field-row-block wpforms-one-half\"><input type=\"text\" id=\"wpforms-11625-field_1-last\" class=\"wpforms-field-name-last wpforms-field-required\" name=\"wpforms[fields][1][last]\" placeholder=\"Nom de famille - Family Name\" aria-errormessage=\"wpforms-11625-field_1-last-error\" required><label for=\"wpforms-11625-field_1-last\" class=\"wpforms-field-sublabel after\">Last<\/label><\/div><\/div><\/fieldset><\/div><div id=\"wpforms-11625-field_4-container\" class=\"wpforms-field wpforms-field-text\" data-field-id=\"4\"><label class=\"wpforms-field-label\" for=\"wpforms-11625-field_4\">Nom de l\u2019\u00e9quipe &#8211; Team Name <span class=\"wpforms-required-label\" aria-hidden=\"true\">*<\/span><\/label><input type=\"text\" id=\"wpforms-11625-field_4\" class=\"wpforms-field-medium wpforms-field-required\" name=\"wpforms[fields][4]\" aria-errormessage=\"wpforms-11625-field_4-error\" required><\/div><div id=\"wpforms-11625-field_3-container\" class=\"wpforms-field wpforms-field-phone\" data-field-id=\"3\"><label class=\"wpforms-field-label\" for=\"wpforms-11625-field_3\">Num\u00e9ro de t\u00e9l\u00e9phone &#8211; Contact Number <span class=\"wpforms-required-label\" aria-hidden=\"true\">*<\/span><\/label><input type=\"tel\" id=\"wpforms-11625-field_3\" class=\"wpforms-field-medium wpforms-field-required wpforms-smart-phone-field\" data-rule-smart-phone-field=\"true\" name=\"wpforms[fields][3]\" aria-label=\"Num\u00e9ro de t\u00e9l\u00e9phone - Contact Number\" aria-errormessage=\"wpforms-11625-field_3-error\" required><\/div><div id=\"wpforms-11625-field_2-container\" class=\"wpforms-field wpforms-field-email\" data-field-id=\"2\"><label class=\"wpforms-field-label\" for=\"wpforms-11625-field_2\">Adresse courriel &#8211; Email Address <span class=\"wpforms-required-label\" aria-hidden=\"true\">*<\/span><\/label><input type=\"email\" id=\"wpforms-11625-field_2\" class=\"wpforms-field-medium wpforms-field-required\" name=\"wpforms[fields][2]\" spellcheck=\"false\" aria-errormessage=\"wpforms-11625-field_2-error\" required><\/div><div id=\"wpforms-11625-field_5-container\" class=\"wpforms-field wpforms-field-payment-select wpforms-field-select-style-classic\" data-field-id=\"5\"><label class=\"wpforms-field-label\" for=\"wpforms-11625-field_5\">Terrains \/ Fields <span class=\"wpforms-required-label\" aria-hidden=\"true\">*<\/span><\/label><select id=\"wpforms-11625-field_5\" class=\"wpforms-payment-price wpforms-field-medium wpforms-field-required\" name=\"wpforms[fields][5]\" required=\"required\"><option value=\"\" class=\"placeholder\" disabled  selected='selected'>S\u00e9lectionner le terrain \/ Select Field<\/option><option value=\"1\" data-amount=\"80.00\" >7 V 7 &#8211; 1 Heure \/ Hour<\/option><option value=\"2\" data-amount=\"160.00\" >9 V 9 &#8211; 1 Heure \/ Hour<\/option><option value=\"3\" data-amount=\"320.00\" >11 V 11 &#8211; 1 Heure \/ Hour<\/option><option value=\"4\" data-amount=\"480.00\" >11 V 11 &#8211; 1.5 Heure \/ Hours<\/option><\/select><div id=\"wpforms-11625-field_5-description\" class=\"wpforms-field-description\">(7 v 7 \u2013 1\/3 de terrain \u2013 1 heure)  (9 v 9 \u2013 1 \u00bd terrain \u2013 1 heure) (11 v 11 \u2013 3 terrains \u2013 1 heure) (11 v 11 \u2013 3 terrains \u2013 1 h 30) \/ \r\n(7 V 7 &#8211; 1\/3 Field &#8211; 1 Hour) \r\n(9 V 9 &#8211; 1 1\/2 Fields &#8211; 1 hour) (11 V 11 &#8211; 3 Fields &#8211; 1 hour) (11 V 11 &#8211; 3 Fields &#8211; 1.5 Hours) <\/div><\/div><div id=\"wpforms-11625-field_6-container\" class=\"wpforms-field wpforms-field-date-time\" data-field-id=\"6\"><label class=\"wpforms-field-label\" for=\"wpforms-11625-field_6\">Date de location \/ Date of rental <span class=\"wpforms-required-label\" aria-hidden=\"true\">*<\/span><\/label><div class=\"wpforms-datepicker-wrap\"><input type=\"text\" id=\"wpforms-11625-field_6\" class=\"wpforms-field-date-time-date wpforms-datepicker wpforms-field-required wpforms-field-medium\" data-date-format=\"m\/d\/Y\" data-disable-past-dates=\"0\" data-input=\"true\" name=\"wpforms[fields][6][date]\" aria-errormessage=\"wpforms-11625-field_6-error\" aria-describedby=\"wpforms-11625-field_6-description\" required><a title=\"Clear Date\" data-clear role=\"button\" tabindex=\"0\" class=\"wpforms-datepicker-clear\" aria-label=\"Clear Date\" style=\"display:none;\"><\/a><\/div><div id=\"wpforms-11625-field_6-description\" class=\"wpforms-field-description\">Veuillez vous r\u00e9f\u00e9rer \u00e0 votre facture surlign\u00e9e en vert. \/ Please refer to your invoice highlighted in green <\/div><\/div>\t\t<div id=\"wpforms-11625-field_10-container\"\n\t\t\tclass=\"wpforms-field wpforms-field-text\"\n\t\t\tdata-field-type=\"text\"\n\t\t\tdata-field-id=\"10\"\n\t\t\t>\n\t\t\t<label class=\"wpforms-field-label\" for=\"wpforms-11625-field_10\" >carte &#8211; gestionnaire<\/label>\n\t\t\t<input type=\"text\" id=\"wpforms-11625-field_10\" class=\"wpforms-field-medium\" name=\"wpforms[fields][10]\" >\n\t\t<\/div>\n\t\t<div id=\"wpforms-11625-field_7-container\" class=\"wpforms-field wpforms-field-date-time\" data-field-id=\"7\"><label class=\"wpforms-field-label\" for=\"wpforms-11625-field_7-time\">Heure de location \/ Time of rental <span class=\"wpforms-required-label\" aria-hidden=\"true\">*<\/span><\/label><input type=\"text\" id=\"wpforms-11625-field_7-time\" class=\"wpforms-field-date-time-time wpforms-timepicker wpforms-field-required wpforms-field-medium\" data-time-format=\"g:i A\" data-step=\"30\" data-rule-time12h=\"true\" name=\"wpforms[fields][7][time]\" aria-errormessage=\"wpforms-11625-field_7-time-error\" aria-describedby=\"wpforms-11625-field_7-description\" required><div id=\"wpforms-11625-field_7-description\" class=\"wpforms-field-description\">Veuillez vous r\u00e9f\u00e9rer \u00e0 votre facture surlign\u00e9e en vert. \/ Please refer to your invoice highlighted in green <\/div><\/div><div id=\"wpforms-11625-field_9-container\" class=\"wpforms-field wpforms-field-payment-total wpforms-field-medium\" data-field-id=\"9\" aria-live=\"polite\" aria-atomic=\"true\"><label class=\"wpforms-field-label\">Total<\/label><div class=\"wpforms-payment-total\" style=\"\">&#036;0.00<\/div><input type=\"hidden\" id=\"wpforms-11625-field_9\" class=\"wpforms-field-medium wpforms-payment-total\" name=\"wpforms[fields][9]\" value=\"0\"><\/div><div id=\"wpforms-11625-field_8-container\" class=\"wpforms-field wpforms-field-stripe-credit-card\" data-field-id=\"8\"><label class=\"wpforms-field-label\">Paiement par carte de cr\u00e9dit \/ Credit Card Payment <span class=\"wpforms-required-label\" aria-hidden=\"true\">*<\/span><\/label><div class=\"wpforms-field-row wpforms-no-columns wpforms-field-medium \" data-sublabel-position=\"above\" data-link-email=\"\" data-required=\"1\"><div id=\"wpforms-field-stripe-link-element-11625\"><\/div><div id=\"wpforms-field-stripe-payment-element-11625\"><\/div><input type=\"text\" class=\"wpforms-stripe-credit-card-hidden-input\" name=\"wpforms[stripe-credit-card-hidden-input-11625]\" disabled style=\"display: none;\"><\/div><\/div><script>\n\t\t\t\t( function() {\n\t\t\t\t\tconst style = document.createElement( 'style' );\n\t\t\t\t\tstyle.appendChild( document.createTextNode( '#wpforms-11625-field_10-container { position: absolute !important; overflow: hidden !important; display: inline !important; height: 1px !important; width: 1px !important; z-index: -1000 !important; padding: 0 !important; } #wpforms-11625-field_10-container input { visibility: hidden; } #wpforms-conversational-form-page #wpforms-11625-field_10-container label { counter-increment: none; }' ) );\n\t\t\t\t\tdocument.head.appendChild( style );\n\t\t\t\t\tdocument.currentScript?.remove();\n\t\t\t\t} )();\n\t\t\t<\/script><\/div><!-- .wpforms-field-container --><div class=\"wpforms-submit-container\" ><input type=\"hidden\" name=\"wpforms[id]\" value=\"11625\"><input type=\"hidden\" name=\"page_title\" value=\"\"><input type=\"hidden\" name=\"page_url\" value=\"https:\/\/soccerstl.ca\/en\/wp-json\/wp\/v2\/pages\/11650\"><input type=\"hidden\" name=\"url_referer\" value=\"\"><button type=\"submit\" name=\"wpforms[submit]\" id=\"wpforms-submit-11625\" class=\"wpforms-submit\" data-alt-text=\"Envoi... Sending...\" data-submit-text=\"Soumettre - Submit\" aria-live=\"assertive\" value=\"wpforms-submit\">Soumettre &#8211; Submit<\/button><img decoding=\"async\" src=\"https:\/\/soccerstl.ca\/wp-content\/plugins\/wpforms\/assets\/images\/submit-spin.svg\" class=\"wpforms-submit-spinner\" style=\"display: none;\" width=\"26\" height=\"26\" alt=\"Loading\"><\/div><\/form><\/div>  <!-- .wpforms-container -->","protected":false},"excerpt":{"rendered":"","protected":false},"author":3,"featured_media":0,"parent":0,"menu_order":0,"comment_status":"closed","ping_status":"closed","template":"","meta":{"footnotes":""},"class_list":["post-11650","page","type-page","status-publish","hentry"],"jetpack_sharing_enabled":true,"_links":{"self":[{"href":"https:\/\/soccerstl.ca\/en\/wp-json\/wp\/v2\/pages\/11650","targetHints":{"allow":["GET"]}}],"collection":[{"href":"https:\/\/soccerstl.ca\/en\/wp-json\/wp\/v2\/pages"}],"about":[{"href":"https:\/\/soccerstl.ca\/en\/wp-json\/wp\/v2\/types\/page"}],"author":[{"embeddable":true,"href":"https:\/\/soccerstl.ca\/en\/wp-json\/wp\/v2\/users\/3"}],"replies":[{"embeddable":true,"href":"https:\/\/soccerstl.ca\/en\/wp-json\/wp\/v2\/comments?post=11650"}],"version-history":[{"count":1,"href":"https:\/\/soccerstl.ca\/en\/wp-json\/wp\/v2\/pages\/11650\/revisions"}],"predecessor-version":[{"id":11651,"href":"https:\/\/soccerstl.ca\/en\/wp-json\/wp\/v2\/pages\/11650\/revisions\/11651"}],"wp:attachment":[{"href":"https:\/\/soccerstl.ca\/en\/wp-json\/wp\/v2\/media?parent=11650"}],"curies":[{"name":"wp","href":"https:\/\/api.w.org\/{rel}","templated":true}]}}