{"id":11039,"date":"2025-12-15T05:40:14","date_gmt":"2025-12-15T05:40:14","guid":{"rendered":"https:\/\/soccerstl.ca\/?page_id=11039"},"modified":"2026-04-10T03:41:28","modified_gmt":"2026-04-10T03:41:28","slug":"soccer-adapte-2026","status":"publish","type":"page","link":"https:\/\/soccerstl.ca\/en\/soccer-adapte-2026\/","title":{"rendered":"SOCCER ADAPT\u00c9 2026"},"content":{"rendered":"<p>Printemps \u2013 6 s\u00e9ances \/ Spring &#8211; 6 sessions<\/p>\n\n\n<style id=\"wpforms-css-vars-11015-block-ee7db010-775f-453c-b4b3-2df5da7de89b\">\n\t\t\t\t#wpforms-11015.wpforms-block-ee7db010-775f-453c-b4b3-2df5da7de89b {\n\t\t\t\t--wpforms-field-size-input-height: 43px;\n--wpforms-field-size-input-spacing: 15px;\n--wpforms-field-size-font-size: 16px;\n--wpforms-field-size-line-height: 19px;\n--wpforms-field-size-padding-h: 14px;\n--wpforms-field-size-checkbox-size: 16px;\n--wpforms-field-size-sublabel-spacing: 5px;\n--wpforms-field-size-icon-size: 1;\n--wpforms-label-size-font-size: 16px;\n--wpforms-label-size-line-height: 19px;\n--wpforms-label-size-sublabel-font-size: 14px;\n--wpforms-label-size-sublabel-line-height: 17px;\n--wpforms-button-size-font-size: 17px;\n--wpforms-button-size-height: 41px;\n--wpforms-button-size-padding-h: 15px;\n--wpforms-button-size-margin-top: 10px;\n--wpforms-container-shadow-size-box-shadow: none;\n\t\t\t}\n\t\t\t<\/style><div class=\"wpforms-container wpforms-container-full wpforms-stripe wpforms-block wpforms-block-ee7db010-775f-453c-b4b3-2df5da7de89b wpforms-render-modern\" id=\"wpforms-11015\"><form id=\"wpforms-form-11015\" class=\"wpforms-validate wpforms-form wpforms-ajax-form\" data-formid=\"11015\" method=\"post\" enctype=\"multipart\/form-data\" action=\"\/en\/wp-json\/wp\/v2\/pages\/11039\" data-token=\"5d4f8233add3dc4a2a0f7b98113e73be\" data-token-time=\"1776427021\" data-trp-original-action=\"\/en\/wp-json\/wp\/v2\/pages\/11039\"><noscript class=\"wpforms-error-noscript\">Please enable JavaScript in your browser to complete this form.<\/noscript><div id=\"wpforms-error-noscript\" style=\"display: none;\">Please enable JavaScript in your browser to complete this form.<\/div><div class=\"wpforms-field-container\"><div id=\"wpforms-11015-field_1-container\" class=\"wpforms-field wpforms-field-name\" data-field-id=\"1\"><fieldset><legend class=\"wpforms-field-label\">Nom du participant &#8211; Participants Name <span class=\"wpforms-required-label\" aria-hidden=\"true\">*<\/span><\/legend><div class=\"wpforms-field-row wpforms-field-medium\"><div class=\"wpforms-field-row-block wpforms-first wpforms-one-half\"><input type=\"text\" id=\"wpforms-11015-field_1\" class=\"wpforms-field-name-first wpforms-field-required\" name=\"wpforms[fields][1][first]\" placeholder=\"Nom de famille - Last Name\" aria-errormessage=\"wpforms-11015-field_1-error\" required><label for=\"wpforms-11015-field_1\" class=\"wpforms-field-sublabel after wpforms-sublabel-hide\">First<\/label><\/div><div class=\"wpforms-field-row-block wpforms-one-half\"><input type=\"text\" id=\"wpforms-11015-field_1-last\" class=\"wpforms-field-name-last wpforms-field-required\" name=\"wpforms[fields][1][last]\" placeholder=\"Pr\u00e9nom - First Name\" aria-errormessage=\"wpforms-11015-field_1-last-error\" required><label for=\"wpforms-11015-field_1-last\" class=\"wpforms-field-sublabel after wpforms-sublabel-hide\">Last<\/label><\/div><\/div><\/fieldset><\/div><div id=\"wpforms-11015-field_2-container\" class=\"wpforms-field wpforms-field-date-time\" data-field-id=\"2\"><label class=\"wpforms-field-label\" for=\"wpforms-11015-field_2\">Ann\u00e9e de naissance &#8211; Year of Birth <span class=\"wpforms-required-label\" aria-hidden=\"true\">*<\/span><\/label><div class=\"wpforms-datepicker-wrap\"><input type=\"text\" id=\"wpforms-11015-field_2\" class=\"wpforms-field-date-time-date wpforms-datepicker wpforms-field-required wpforms-field-medium\" data-date-format=\"m\/d\/Y\" data-disable-past-dates=\"0\" data-input=\"true\" name=\"wpforms[fields][2][date]\" aria-errormessage=\"wpforms-11015-field_2-error\" required><a title=\"Clear Date\" data-clear role=\"button\" tabindex=\"0\" class=\"wpforms-datepicker-clear\" aria-label=\"Clear Date\" style=\"display:none;\"><\/a><\/div><\/div><div id=\"wpforms-11015-field_11-container\" class=\"wpforms-field wpforms-field-select wpforms-field-select-style-classic\" data-field-id=\"11\"><label class=\"wpforms-field-label\" for=\"wpforms-11015-field_11\">Genre &#8211; Gender <span class=\"wpforms-required-label\" aria-hidden=\"true\">*<\/span><\/label><select id=\"wpforms-11015-field_11\" class=\"wpforms-field-medium wpforms-field-required\" name=\"wpforms[fields][11]\" required=\"required\"><option value=\"\" class=\"placeholder\" disabled selected='selected'>S\u00e9lectionner &#8211; Select<\/option><option value=\"M\"  class=\"choice-1 depth-1\"  >M<\/option><option value=\"F\"  class=\"choice-2 depth-1\"  >F<\/option><\/select><\/div><div id=\"wpforms-11015-field_5-container\" class=\"wpforms-field wpforms-field-phone\" data-field-id=\"5\"><label class=\"wpforms-field-label\" for=\"wpforms-11015-field_5\">Num\u00e9ro de t\u00e9l\u00e9phone &#8211; Contact Number <span class=\"wpforms-required-label\" aria-hidden=\"true\">*<\/span><\/label><input type=\"tel\" id=\"wpforms-11015-field_5\" class=\"wpforms-field-medium wpforms-field-required wpforms-smart-phone-field\" data-rule-smart-phone-field=\"true\" name=\"wpforms[fields][5]\" aria-label=\"Num\u00e9ro de t\u00e9l\u00e9phone - Contact Number\" aria-errormessage=\"wpforms-11015-field_5-error\" required><\/div><div id=\"wpforms-11015-field_6-container\" class=\"wpforms-field wpforms-field-email\" data-field-id=\"6\"><label class=\"wpforms-field-label\" for=\"wpforms-11015-field_6\">Adresse courriel &#8211; Email Address <span class=\"wpforms-required-label\" aria-hidden=\"true\">*<\/span><\/label><input type=\"email\" id=\"wpforms-11015-field_6\" class=\"wpforms-field-medium wpforms-field-required\" name=\"wpforms[fields][6]\" spellcheck=\"false\" aria-errormessage=\"wpforms-11015-field_6-error\" required><\/div><div id=\"wpforms-11015-field_10-container\" class=\"wpforms-field wpforms-field-payment-single\" data-field-id=\"10\"><label class=\"wpforms-field-label\">Frais &#8211; Fee  <span class=\"wpforms-required-label\" aria-hidden=\"true\">*<\/span><\/label><div class=\"wpforms-single-item-price-content\"><div class=\"wpforms-single-item-price wpforms-field-medium wpforms-field-required wpforms-payment-price\">Price: <span class=\"wpforms-price\">&#036;125.00<\/span><\/div><\/div><input type=\"hidden\" id=\"wpforms-11015-field_10\" class=\"wpforms-field-medium wpforms-field-required wpforms-payment-price\" data-rule-required-positive-number=\"1\" name=\"wpforms[fields][10]\" value=\"&#036;125.00\"><\/div>\t\t<div id=\"wpforms-11015-field_3-container\"\n\t\t\tclass=\"wpforms-field wpforms-field-text\"\n\t\t\tdata-field-type=\"text\"\n\t\t\tdata-field-id=\"3\"\n\t\t\t>\n\t\t\t<label class=\"wpforms-field-label\" for=\"wpforms-11015-field_3\" >de &#8211; &#8211;<\/label>\n\t\t\t<input type=\"text\" id=\"wpforms-11015-field_3\" class=\"wpforms-field-medium\" name=\"wpforms[fields][3]\" >\n\t\t<\/div>\n\t\t<div id=\"wpforms-11015-field_7-container\" class=\"wpforms-field wpforms-field-stripe-credit-card\" data-field-id=\"7\"><label class=\"wpforms-field-label\">Paiement par carte de cr\u00e9dit &#8211; Credit Card Payment <span class=\"wpforms-required-label\" aria-hidden=\"true\">*<\/span><\/label><div class=\"wpforms-field-row wpforms-no-columns wpforms-field-medium\" data-sublabel-position=\"above\" data-link-email=\"6\" data-required=\"1\"><div id=\"wpforms-field-stripe-payment-element-11015\"><\/div><input type=\"text\" class=\"wpforms-stripe-credit-card-hidden-input\" name=\"wpforms[stripe-credit-card-hidden-input-11015]\" disabled style=\"display: none;\"><\/div><\/div><script>\n\t\t\t\t( function() {\n\t\t\t\t\tconst style = document.createElement( 'style' );\n\t\t\t\t\tstyle.appendChild( document.createTextNode( '#wpforms-11015-field_3-container { position: absolute !important; overflow: hidden !important; display: inline !important; height: 1px !important; width: 1px !important; z-index: -1000 !important; padding: 0 !important; } #wpforms-11015-field_3-container input { visibility: hidden; } #wpforms-conversational-form-page #wpforms-11015-field_3-container label { counter-increment: none; }' ) );\n\t\t\t\t\tdocument.head.appendChild( style );\n\t\t\t\t\tdocument.currentScript?.remove();\n\t\t\t\t} )();\n\t\t\t<\/script><\/div><!-- .wpforms-field-container --><div class=\"wpforms-submit-container\" ><input type=\"hidden\" name=\"wpforms[id]\" value=\"11015\"><input type=\"hidden\" name=\"page_title\" value=\"\"><input type=\"hidden\" name=\"page_url\" value=\"https:\/\/soccerstl.ca\/en\/wp-json\/wp\/v2\/pages\/11039\"><input type=\"hidden\" name=\"url_referer\" value=\"\"><button type=\"submit\" name=\"wpforms[submit]\" id=\"wpforms-submit-11015\" class=\"wpforms-submit\" data-alt-text=\"Envoi - Sending\" data-submit-text=\"Soumettre - Submit\" aria-live=\"assertive\" value=\"wpforms-submit\">Soumettre &#8211; Submit<\/button><img decoding=\"async\" src=\"https:\/\/soccerstl.ca\/wp-content\/plugins\/wpforms\/assets\/images\/submit-spin.svg\" class=\"wpforms-submit-spinner\" style=\"display: none;\" width=\"26\" height=\"26\" alt=\"Loading\"><\/div><input type=\"hidden\" name=\"trp-form-language\" value=\"en\"\/><\/form><\/div>  <!-- .wpforms-container -->","protected":false},"excerpt":{"rendered":"<p>Printemps \u2013 6 s\u00e9ances \/ Spring &#8211; 6 sessions<\/p>","protected":false},"author":3,"featured_media":0,"parent":0,"menu_order":0,"comment_status":"closed","ping_status":"closed","template":"","meta":{"footnotes":""},"class_list":["post-11039","page","type-page","status-publish","hentry"],"_links":{"self":[{"href":"https:\/\/soccerstl.ca\/en\/wp-json\/wp\/v2\/pages\/11039","targetHints":{"allow":["GET"]}}],"collection":[{"href":"https:\/\/soccerstl.ca\/en\/wp-json\/wp\/v2\/pages"}],"about":[{"href":"https:\/\/soccerstl.ca\/en\/wp-json\/wp\/v2\/types\/page"}],"author":[{"embeddable":true,"href":"https:\/\/soccerstl.ca\/en\/wp-json\/wp\/v2\/users\/3"}],"replies":[{"embeddable":true,"href":"https:\/\/soccerstl.ca\/en\/wp-json\/wp\/v2\/comments?post=11039"}],"version-history":[{"count":3,"href":"https:\/\/soccerstl.ca\/en\/wp-json\/wp\/v2\/pages\/11039\/revisions"}],"predecessor-version":[{"id":13013,"href":"https:\/\/soccerstl.ca\/en\/wp-json\/wp\/v2\/pages\/11039\/revisions\/13013"}],"wp:attachment":[{"href":"https:\/\/soccerstl.ca\/en\/wp-json\/wp\/v2\/media?parent=11039"}],"curies":[{"name":"wp","href":"https:\/\/api.w.org\/{rel}","templated":true}]}}